{"id":1005,"date":"2017-04-28T16:22:33","date_gmt":"2017-04-28T14:22:33","guid":{"rendered":"https:\/\/donibane-hondarribia.com\/?page_id=1005"},"modified":"2020-06-01T09:23:07","modified_gmt":"2020-06-01T08:23:07","slug":"el-recorrido","status":"publish","type":"page","link":"https:\/\/www.donibane-hondarribia.com\/eu\/el-recorrido\/","title":{"rendered":"El Recorrido"},"content":{"rendered":"<p>[et_pb_section bb_built=&#8221;1&#8243; admin_label=&#8221;Secci\u00f3n&#8221; fullwidth=&#8221;off&#8221; specialty=&#8221;off&#8221; background_image=&#8221;https:\/\/donibane-hondarribia.com\/wp-content\/uploads\/2017\/04\/donibane.jpg&#8221; transparent_background=&#8221;off&#8221; allow_player_pause=&#8221;off&#8221; inner_shadow=&#8221;off&#8221; parallax=&#8221;off&#8221; parallax_method=&#8221;on&#8221; make_fullwidth=&#8221;off&#8221; use_custom_width=&#8221;off&#8221; width_unit=&#8221;on&#8221; make_equal=&#8221;off&#8221; use_custom_gutter=&#8221;off&#8221;][et_pb_row admin_label=&#8221;Fila&#8221;][et_pb_column type=&#8221;4_4&#8243;][et_pb_text admin_label=&#8221;DONIBANE LOHIZUNE HONDARRIBIA LASTERKETA&#8221; background_layout=&#8221;light&#8221; text_orientation=&#8221;left&#8221; use_border_color=&#8221;off&#8221; border_color=&#8221;#ffffff&#8221; border_style=&#8221;solid&#8221; header_text_color=&#8221;#ffffff&#8221; module_class=&#8221;titulo&#8221;]<\/p>\n<h1 style=\"text-align: left;\">DONIBANE LOHIZUNE<br \/>\nHONDARRIBIA LASTERKETA<\/h1>\n<p style=\"text-align: left;\">22 OCTUBRE 2017<\/p>\n<p>[\/et_pb_text][\/et_pb_column][\/et_pb_row][\/et_pb_section][et_pb_section bb_built=&#8221;1&#8243; admin_label=&#8221;section&#8221; transparent_background=&#8221;on&#8221; allow_player_pause=&#8221;off&#8221; inner_shadow=&#8221;off&#8221; parallax=&#8221;off&#8221; parallax_method=&#8221;on&#8221; make_fullwidth=&#8221;off&#8221; use_custom_width=&#8221;off&#8221; width_unit=&#8221;on&#8221; make_equal=&#8221;off&#8221; use_custom_gutter=&#8221;off&#8221; custom_padding=&#8221;0px||0px|&#8221;][et_pb_row admin_label=&#8221;row&#8221; make_fullwidth=&#8221;off&#8221; use_custom_width=&#8221;off&#8221; width_unit=&#8221;on&#8221; use_custom_gutter=&#8221;off&#8221; background_color=&#8221;#ffffff&#8221; allow_player_pause=&#8221;off&#8221; parallax=&#8221;off&#8221; parallax_method=&#8221;on&#8221; make_equal=&#8221;off&#8221; parallax_1=&#8221;off&#8221; parallax_method_1=&#8221;off&#8221; custom_padding=&#8221;|20px|0px|20px&#8221;][et_pb_column type=&#8221;4_4&#8243;][et_pb_text admin_label=&#8221;LA CARRERA DONIBANE LOHIZUNE &#8211; HONDARRIBIA&#8221; background_layout=&#8221;light&#8221; text_orientation=&#8221;left&#8221; use_border_color=&#8221;off&#8221; border_color=&#8221;#ffffff&#8221; border_style=&#8221;solid&#8221;]<\/p>\n<h2>EL RECORRIDO<\/h2>\n<p>[\/et_pb_text][\/et_pb_column][\/et_pb_row][et_pb_row admin_label=&#8221;row&#8221; make_fullwidth=&#8221;off&#8221; use_custom_width=&#8221;off&#8221; width_unit=&#8221;on&#8221; use_custom_gutter=&#8221;off&#8221; background_color=&#8221;#ffffff&#8221; allow_player_pause=&#8221;off&#8221; parallax=&#8221;off&#8221; parallax_method=&#8221;on&#8221; make_equal=&#8221;off&#8221; parallax_1=&#8221;off&#8221; parallax_method_1=&#8221;off&#8221; parallax_2=&#8221;off&#8221; parallax_method_2=&#8221;off&#8221; custom_padding=&#8221;|20px||20px&#8221; custom_padding_last_edited=&#8221;on|&#8221;][et_pb_column type=&#8221;1_2&#8243;][et_pb_text admin_label=&#8221;Claves&#8221; background_layout=&#8221;light&#8221; text_orientation=&#8221;left&#8221; use_border_color=&#8221;off&#8221; border_color=&#8221;#ffffff&#8221; border_style=&#8221;solid&#8221;]<\/p>\n<h2>Claves<\/h2>\n<ul>\n<li>M\u00e1ximo 2.999 participantes.<\/li>\n<li>Pacers para tiempo en meta desde 1h25\u2019 hasta las 2h00\u2019<\/li>\n<li>Inicio a las 11:00 en Boulervard Thiers junto al Grand Hotel en San Juan de Luz y meta en Zuloaga Kalea en Hondarribia, junto al Hotel Jauregi.<\/li>\n<li>Distancia de 21,1 km principalmente sobre asfalto (100m sobre adoquinado en el km 20,1) con un tiempo l\u00edmite para completarse de 2h30\u2019 y con el recorrido completamente cerrado al tr\u00e1fico de veh\u00edculos.<\/li>\n<li>Altitud m\u00e1xima de 66m (aproximadamente en el km 10) y un desnivel acumulado en todo el recorrido de 356m.<\/li>\n<\/ul>\n<p>[\/et_pb_text][\/et_pb_column][et_pb_column type=&#8221;1_2&#8243;][et_pb_image admin_label=&#8221;Imagen&#8221; src=&#8221;https:\/\/donibane-hondarribia.com\/wp-content\/uploads\/2017\/04\/demo.jpg&#8221; show_in_lightbox=&#8221;off&#8221; url_new_window=&#8221;off&#8221; use_overlay=&#8221;off&#8221; animation=&#8221;off&#8221; sticky=&#8221;off&#8221; align=&#8221;left&#8221; force_fullwidth=&#8221;off&#8221; always_center_on_mobile=&#8221;on&#8221; use_border_color=&#8221;off&#8221; border_color=&#8221;#ffffff&#8221; border_style=&#8221;solid&#8221; \/][\/et_pb_column][\/et_pb_row][et_pb_row admin_label=&#8221;row&#8221; make_fullwidth=&#8221;off&#8221; use_custom_width=&#8221;off&#8221; width_unit=&#8221;on&#8221; use_custom_gutter=&#8221;off&#8221; background_color=&#8221;#ffffff&#8221; allow_player_pause=&#8221;off&#8221; parallax=&#8221;off&#8221; parallax_method=&#8221;on&#8221; make_equal=&#8221;off&#8221; parallax_1=&#8221;off&#8221; parallax_method_1=&#8221;off&#8221; parallax_2=&#8221;off&#8221; parallax_method_2=&#8221;off&#8221; custom_padding=&#8221;|20px||20px&#8221; custom_padding_last_edited=&#8221;on|&#8221;][et_pb_column type=&#8221;1_2&#8243;][et_pb_text admin_label=&#8221;La Corniche&#8221; background_layout=&#8221;light&#8221; text_orientation=&#8221;left&#8221; use_border_color=&#8221;off&#8221; border_color=&#8221;#ffffff&#8221; border_style=&#8221;solid&#8221;]<\/p>\n<h2>La Corniche<\/h2>\n<p>Quiz\u00e1 uno de las caracter\u00edsticas que sin duda definen la personalidad de \u201cla donibane\u201d es sin duda el tramo de 8km que transcurre por La Corniche.<\/p>\n<p>La Corniche es un tramo de carretera de litoral que une las localidades de San juan de Luz y Hendaia y que transcurre sobre acantilados de flysh y con maravillosas vistas sobre el mar y verdes prados.<\/p>\n<p>Uno de los puntos a destacar en este tramo es sin duda el Ch\u00e2teau d&#8217;Abbadia, a la altura del km 10 aproximadamente del recorrido y antes de afrontar el tramo m\u00e1s urbano de la prueba.<\/p>\n<p>Casa-Castillo construido por Antoine d&#8217;Abbadie d&#8217;Arrast, antrop\u00f3logo, explorador, ling\u00fcista y astr\u00f3nomo y que lo convirti\u00f3 en un edificio singular, con un gran bestiario repartido por sus muros y un observatorio astron\u00f3mico decimal (400\u00ba divididos en decigrados en lugar de los 360\u00ba habituales divididos en minutos), lo que lo convierte en una aut\u00e9ntica rareza ya que es \u00fanico en el mundo.<\/p>\n<p>[\/et_pb_text][\/et_pb_column][et_pb_column type=&#8221;1_2&#8243;][et_pb_image admin_label=&#8221;Imagen&#8221; src=&#8221;https:\/\/donibane-hondarribia.com\/wp-content\/uploads\/2017\/04\/demo.jpg&#8221; show_in_lightbox=&#8221;off&#8221; url_new_window=&#8221;off&#8221; use_overlay=&#8221;off&#8221; animation=&#8221;off&#8221; sticky=&#8221;off&#8221; align=&#8221;left&#8221; force_fullwidth=&#8221;off&#8221; always_center_on_mobile=&#8221;on&#8221; use_border_color=&#8221;off&#8221; border_color=&#8221;#ffffff&#8221; border_style=&#8221;solid&#8221; \/][\/et_pb_column][\/et_pb_row][et_pb_row admin_label=&#8221;row&#8221; make_fullwidth=&#8221;off&#8221; use_custom_width=&#8221;off&#8221; width_unit=&#8221;on&#8221; use_custom_gutter=&#8221;off&#8221; background_color=&#8221;#ffffff&#8221; allow_player_pause=&#8221;off&#8221; parallax=&#8221;off&#8221; parallax_method=&#8221;on&#8221; make_equal=&#8221;off&#8221; parallax_1=&#8221;off&#8221; parallax_method_1=&#8221;off&#8221; parallax_2=&#8221;off&#8221; parallax_method_2=&#8221;off&#8221; custom_padding=&#8221;|20px||20px&#8221; custom_padding_last_edited=&#8221;on|&#8221;][et_pb_column type=&#8221;1_4&#8243;][et_pb_image admin_label=&#8221;Imagen&#8221; src=&#8221;https:\/\/donibane-hondarribia.com\/wp-content\/uploads\/2017\/04\/demo.jpg&#8221; show_in_lightbox=&#8221;off&#8221; url_new_window=&#8221;off&#8221; use_overlay=&#8221;off&#8221; animation=&#8221;off&#8221; sticky=&#8221;off&#8221; align=&#8221;left&#8221; force_fullwidth=&#8221;off&#8221; always_center_on_mobile=&#8221;on&#8221; use_border_color=&#8221;off&#8221; border_color=&#8221;#ffffff&#8221; border_style=&#8221;solid&#8221; \/][et_pb_text admin_label=&#8221;El cronometraje&#8221; background_layout=&#8221;light&#8221; text_orientation=&#8221;left&#8221; use_border_color=&#8221;off&#8221; border_color=&#8221;#ffffff&#8221; border_style=&#8221;solid&#8221;]<\/p>\n<h2>El cronometraje<\/h2>\n<p>El cronometraje se har\u00e1 a trav\u00e9s de un sistema de dorsal-chip no retornable. Es IMPORTANTE PORTAR EL DORSAL AL FRENTE PARA BUENA LECTURA DEL DORSAL-CHIP.<\/p>\n<p>Se dispondr\u00e1 de varios controles de paso intermedios para control de los participantes.<\/p>\n<p>[\/et_pb_text][\/et_pb_column][et_pb_column type=&#8221;1_4&#8243;][et_pb_image admin_label=&#8221;Imagen&#8221; src=&#8221;https:\/\/donibane-hondarribia.com\/wp-content\/uploads\/2017\/04\/demo.jpg&#8221; show_in_lightbox=&#8221;off&#8221; url_new_window=&#8221;off&#8221; use_overlay=&#8221;off&#8221; animation=&#8221;off&#8221; sticky=&#8221;off&#8221; align=&#8221;left&#8221; force_fullwidth=&#8221;off&#8221; always_center_on_mobile=&#8221;on&#8221; use_border_color=&#8221;off&#8221; border_color=&#8221;#ffffff&#8221; border_style=&#8221;solid&#8221; \/][et_pb_text admin_label=&#8221;Avituallamientos&#8221; background_layout=&#8221;light&#8221; text_orientation=&#8221;left&#8221; use_border_color=&#8221;off&#8221; border_color=&#8221;#ffffff&#8221; border_style=&#8221;solid&#8221;]<\/p>\n<h2>Avituallamientos<\/h2>\n<ul>\n<li>4 puntos de avituallamiento en ruta: km 5, 10, 15 y 18<\/li>\n<li>1 punto de avituallamiento en meta<\/li>\n<li>Avituallamientos de agua y fruta<\/li>\n<\/ul>\n<p>[\/et_pb_text][\/et_pb_column][et_pb_column type=&#8221;1_4&#8243;][et_pb_image admin_label=&#8221;Imagen&#8221; src=&#8221;https:\/\/donibane-hondarribia.com\/wp-content\/uploads\/2017\/04\/demo.jpg&#8221; show_in_lightbox=&#8221;off&#8221; url_new_window=&#8221;off&#8221; use_overlay=&#8221;off&#8221; animation=&#8221;off&#8221; sticky=&#8221;off&#8221; align=&#8221;left&#8221; force_fullwidth=&#8221;off&#8221; always_center_on_mobile=&#8221;on&#8221; use_border_color=&#8221;off&#8221; border_color=&#8221;#ffffff&#8221; border_style=&#8221;solid&#8221; \/][et_pb_text admin_label=&#8221;Vestuarios y duchas para corredores&#8221; background_layout=&#8221;light&#8221; text_orientation=&#8221;left&#8221; use_border_color=&#8221;off&#8221; border_color=&#8221;#ffffff&#8221; border_style=&#8221;solid&#8221;]<\/p>\n<h2>Vestuarios y duchas para corredores<\/h2>\n<p>La organizaci\u00f3n pone a disposici\u00f3n de todos los corredores un servicio de vestuarios y ducha al finalizar la prueba. Este servicio se presta en las instalaciones del Polideportivo Hondartza de Hondarribia.<\/p>\n<p>[\/et_pb_text][\/et_pb_column][et_pb_column type=&#8221;1_4&#8243;][et_pb_image admin_label=&#8221;Imagen&#8221; src=&#8221;https:\/\/donibane-hondarribia.com\/wp-content\/uploads\/2017\/04\/demo.jpg&#8221; show_in_lightbox=&#8221;off&#8221; url_new_window=&#8221;off&#8221; use_overlay=&#8221;off&#8221; animation=&#8221;off&#8221; sticky=&#8221;off&#8221; align=&#8221;left&#8221; force_fullwidth=&#8221;off&#8221; always_center_on_mobile=&#8221;on&#8221; use_border_color=&#8221;off&#8221; border_color=&#8221;#ffffff&#8221; border_style=&#8221;solid&#8221; \/][et_pb_text admin_label=&#8221;Track&#8221; background_layout=&#8221;light&#8221; text_orientation=&#8221;left&#8221; use_border_color=&#8221;off&#8221; border_color=&#8221;#ffffff&#8221; border_style=&#8221;solid&#8221;]<\/p>\n<h2>Track<\/h2>\n<ul>\n<li>Track KMZ &#8211; Google earth [download]<\/li>\n<li>Track Garmin [download]<\/li>\n<\/ul>\n<p>[\/et_pb_text][\/et_pb_column][\/et_pb_row][et_pb_row admin_label=&#8221;row&#8221; make_fullwidth=&#8221;off&#8221; use_custom_width=&#8221;off&#8221; width_unit=&#8221;on&#8221; use_custom_gutter=&#8221;off&#8221; background_color=&#8221;#ffffff&#8221; allow_player_pause=&#8221;off&#8221; parallax=&#8221;off&#8221; parallax_method=&#8221;on&#8221; make_equal=&#8221;off&#8221; parallax_1=&#8221;off&#8221; parallax_method_1=&#8221;off&#8221; parallax_2=&#8221;off&#8221; parallax_method_2=&#8221;off&#8221; custom_padding=&#8221;|20px|0px|20px&#8221; custom_padding_last_edited=&#8221;on|&#8221;][et_pb_column type=&#8221;4_4&#8243;][et_pb_text admin_label=&#8221;Clasificaciones y premios&#8221; background_layout=&#8221;light&#8221; text_orientation=&#8221;left&#8221; use_border_color=&#8221;off&#8221; border_color=&#8221;#ffffff&#8221; border_style=&#8221;solid&#8221;]<\/p>\n<h2>Clasificaciones y premios<\/h2>\n<p>[\/et_pb_text][\/et_pb_column][\/et_pb_row][et_pb_row admin_label=&#8221;row&#8221; make_fullwidth=&#8221;off&#8221; use_custom_width=&#8221;off&#8221; width_unit=&#8221;on&#8221; use_custom_gutter=&#8221;off&#8221; background_color=&#8221;#ffffff&#8221; allow_player_pause=&#8221;off&#8221; parallax=&#8221;off&#8221; parallax_method=&#8221;on&#8221; make_equal=&#8221;off&#8221; parallax_1=&#8221;off&#8221; parallax_method_1=&#8221;off&#8221; parallax_2=&#8221;off&#8221; parallax_method_2=&#8221;off&#8221; custom_padding=&#8221;|20px||20px&#8221; custom_padding_last_edited=&#8221;on|&#8221;][et_pb_column type=&#8221;2_3&#8243;][et_pb_text admin_label=&#8221;Clasificaciones&#8221; background_layout=&#8221;light&#8221; text_orientation=&#8221;left&#8221; use_border_color=&#8221;off&#8221; border_color=&#8221;#ffffff&#8221; border_style=&#8221;solid&#8221;]<\/p>\n<p>Como en otras pruebas, se establecer\u00e1 una clasificaci\u00f3n general y otra por categor\u00edas basada en la edad del participante. En todos los casos se establecer\u00e1n clasificaciones particulares por g\u00e9nero Masculino y Femenino.<\/p>\n<ul>\n<li><strong>General absoluta.<\/strong> Entendida como la posici\u00f3n real en la prueba.<\/li>\n<li><strong>Veterano I.<\/strong>Posici\u00f3n real en la prueba de participantes de entre 40 y 50 a\u00f1os<\/li>\n<li><strong>Veterano II.<\/strong> Posici\u00f3n real en la prueba de participantes de entre 51 y 60 a\u00f1os<\/li>\n<li><strong>Veterano III.<\/strong> Posici\u00f3n real en la prueba de participantes de entre 61 y 70 a\u00f1os<\/li>\n<li><strong>Veterano IV.<\/strong> Posici\u00f3n real en la prueba de participantes a partir de 71 a\u00f1os<\/li>\n<\/ul>\n<p>La entrega de premios ser\u00e1 realizada en un lugar habilitado por la organizaci\u00f3n en la zona de meta, seg\u00fan la clasificaci\u00f3n por categor\u00edas<\/p>\n<p>[\/et_pb_text][\/et_pb_column][et_pb_column type=&#8221;1_3&#8243;][et_pb_image admin_label=&#8221;Imagen&#8221; src=&#8221;https:\/\/donibane-hondarribia.com\/wp-content\/uploads\/2017\/04\/demo.jpg&#8221; show_in_lightbox=&#8221;off&#8221; url_new_window=&#8221;off&#8221; use_overlay=&#8221;off&#8221; animation=&#8221;off&#8221; sticky=&#8221;off&#8221; align=&#8221;left&#8221; force_fullwidth=&#8221;off&#8221; always_center_on_mobile=&#8221;on&#8221; use_border_color=&#8221;off&#8221; border_color=&#8221;#ffffff&#8221; border_style=&#8221;solid&#8221; \/][\/et_pb_column][\/et_pb_row][et_pb_row admin_label=&#8221;row&#8221; make_fullwidth=&#8221;off&#8221; use_custom_width=&#8221;off&#8221; width_unit=&#8221;on&#8221; use_custom_gutter=&#8221;off&#8221; background_color=&#8221;#ffffff&#8221; allow_player_pause=&#8221;off&#8221; parallax=&#8221;off&#8221; parallax_method=&#8221;on&#8221; make_equal=&#8221;off&#8221; parallax_1=&#8221;off&#8221; parallax_method_1=&#8221;off&#8221; parallax_2=&#8221;off&#8221; parallax_method_2=&#8221;off&#8221; custom_padding=&#8221;|20px||20px&#8221; custom_padding_last_edited=&#8221;on|&#8221;][et_pb_column type=&#8221;1_2&#8243;][et_pb_image admin_label=&#8221;Imagen&#8221; src=&#8221;https:\/\/donibane-hondarribia.com\/wp-content\/uploads\/2017\/04\/demo.jpg&#8221; show_in_lightbox=&#8221;off&#8221; url_new_window=&#8221;off&#8221; use_overlay=&#8221;off&#8221; animation=&#8221;off&#8221; sticky=&#8221;off&#8221; align=&#8221;left&#8221; force_fullwidth=&#8221;off&#8221; always_center_on_mobile=&#8221;on&#8221; use_border_color=&#8221;off&#8221; border_color=&#8221;#ffffff&#8221; border_style=&#8221;solid&#8221; \/][et_pb_text admin_label=&#8221;Premios&#8221; background_layout=&#8221;light&#8221; text_orientation=&#8221;left&#8221; use_border_color=&#8221;off&#8221; border_color=&#8221;#ffffff&#8221; border_style=&#8221;solid&#8221;]<\/p>\n<h3>Premios<\/h3>\n<p>Clasificaci\u00f3n general absoluta masculina y femenina.<\/p>\n<ul>\n<li>300\u20ac y obsequio.<\/li>\n<li>200\u20ac y obsequio.<\/li>\n<li>100\u20acy obsequio.<\/li>\n<\/ul>\n<p>Clasificaci\u00f3n general absoluta masculina y femenina por categor\u00edas: 1\u00ba Trofeo<\/p>\n<p>[\/et_pb_text][\/et_pb_column][et_pb_column type=&#8221;1_2&#8243;][et_pb_image admin_label=&#8221;Imagen&#8221; src=&#8221;https:\/\/donibane-hondarribia.com\/wp-content\/uploads\/2017\/04\/demo.jpg&#8221; show_in_lightbox=&#8221;off&#8221; url_new_window=&#8221;off&#8221; use_overlay=&#8221;off&#8221; animation=&#8221;off&#8221; sticky=&#8221;off&#8221; align=&#8221;left&#8221; force_fullwidth=&#8221;off&#8221; always_center_on_mobile=&#8221;on&#8221; use_border_color=&#8221;off&#8221; border_color=&#8221;#ffffff&#8221; border_style=&#8221;solid&#8221; \/][et_pb_text admin_label=&#8221;Gran premio Alkain&#8221; background_layout=&#8221;light&#8221; text_orientation=&#8221;left&#8221; use_border_color=&#8221;off&#8221; border_color=&#8221;#ffffff&#8221; border_style=&#8221;solid&#8221;]<\/p>\n<h3>Gran premio Alkain<\/h3>\n<p>Uno de los grandes alicientes de la prueba m\u00e1s all\u00e1 de los meramente deportivos y l\u00fadicos, reside en el reto que ofrece uno de los patrocinadores principales de la prueba.<\/p>\n<p>El reto consiste en una dotaci\u00f3n adicional de premio de 1.200\u20ac al hombre y mujer que mejore el record del recorrido homologado.<\/p>\n<p>En la actualidad los tiempos homologados en meta como record de la prueba son:<\/p>\n<ul>\n<li>Categor\u00eda Masculina 1h05&#8217;01\u201d (2007 HoseaKogei, Kenia)<\/li>\n<li>Categor\u00eda Femenina 1h15\u201901\u201d (2006 Nancy Prok, Kenia)<\/li>\n<\/ul>\n<p>[\/et_pb_text][\/et_pb_column][\/et_pb_row][\/et_pb_section]<\/p>\n","protected":false},"excerpt":{"rendered":"<p>DONIBANE LOHIZUNE HONDARRIBIA LASTERKETA 22 OCTUBRE 2017 EL RECORRIDO Claves M\u00e1ximo 2.999 participantes. Pacers para tiempo en meta desde 1h25\u2019 hasta las 2h00\u2019 Inicio a las 11:00 en Boulervard Thiers junto al Grand Hotel en San Juan de Luz y meta en Zuloaga Kalea en Hondarribia, junto al Hotel Jauregi. Distancia de 21,1 km principalmente [&hellip;]<\/p>\n","protected":false},"author":1,"featured_media":0,"parent":0,"menu_order":15,"comment_status":"closed","ping_status":"closed","template":"","meta":{"_et_pb_use_builder":"on","_et_pb_old_content":"","_et_gb_content_width":"","inline_featured_image":false,"footnotes":""},"class_list":["post-1005","page","type-page","status-publish","hentry"],"yoast_head":"<!-- This site is optimized with the Yoast SEO plugin v27.2 - https:\/\/yoast.com\/product\/yoast-seo-wordpress\/ -->\n<title>El Recorrido - Donibane Lohizune Hondarribia<\/title>\n<meta name=\"robots\" content=\"index, follow, max-snippet:-1, max-image-preview:large, max-video-preview:-1\" \/>\n<link rel=\"canonical\" href=\"https:\/\/www.donibane-hondarribia.com\/eu\/el-recorrido\/\" \/>\n<meta property=\"og:locale\" content=\"eu_ES\" \/>\n<meta property=\"og:type\" content=\"article\" \/>\n<meta property=\"og:title\" content=\"El Recorrido - Donibane Lohizune Hondarribia\" \/>\n<meta property=\"og:description\" content=\"DONIBANE LOHIZUNE HONDARRIBIA LASTERKETA 22 OCTUBRE 2017 EL RECORRIDO Claves M\u00e1ximo 2.999 participantes. Pacers para tiempo en meta desde 1h25\u2019 hasta las 2h00\u2019 Inicio a las 11:00 en Boulervard Thiers junto al Grand Hotel en San Juan de Luz y meta en Zuloaga Kalea en Hondarribia, junto al Hotel Jauregi. Distancia de 21,1 km principalmente [&hellip;]\" \/>\n<meta property=\"og:url\" content=\"https:\/\/www.donibane-hondarribia.com\/eu\/el-recorrido\/\" \/>\n<meta property=\"og:site_name\" content=\"Donibane Lohizune Hondarribia\" \/>\n<meta property=\"article:publisher\" content=\"https:\/\/es-es.facebook.com\/DonibaneHondarribia\/\" \/>\n<meta property=\"article:modified_time\" content=\"2020-06-01T08:23:07+00:00\" \/>\n<meta name=\"twitter:card\" content=\"summary_large_image\" \/>\n<meta name=\"twitter:site\" content=\"@dhondarribia\" \/>\n<meta name=\"twitter:label1\" content=\"Est. reading time\" \/>\n\t<meta name=\"twitter:data1\" content=\"10 minutes\" \/>\n<script type=\"application\/ld+json\" class=\"yoast-schema-graph\">{\"@context\":\"https:\/\/schema.org\",\"@graph\":[{\"@type\":\"WebPage\",\"@id\":\"https:\/\/www.donibane-hondarribia.com\/eu\/el-recorrido\/\",\"url\":\"https:\/\/www.donibane-hondarribia.com\/eu\/el-recorrido\/\",\"name\":\"El Recorrido - Donibane Lohizune Hondarribia\",\"isPartOf\":{\"@id\":\"https:\/\/www.donibane-hondarribia.com\/#website\"},\"datePublished\":\"2017-04-28T14:22:33+00:00\",\"dateModified\":\"2020-06-01T08:23:07+00:00\",\"breadcrumb\":{\"@id\":\"https:\/\/www.donibane-hondarribia.com\/eu\/el-recorrido\/#breadcrumb\"},\"inLanguage\":\"eu-ES\",\"potentialAction\":[{\"@type\":\"ReadAction\",\"target\":[\"https:\/\/www.donibane-hondarribia.com\/eu\/el-recorrido\/\"]}]},{\"@type\":\"BreadcrumbList\",\"@id\":\"https:\/\/www.donibane-hondarribia.com\/eu\/el-recorrido\/#breadcrumb\",\"itemListElement\":[{\"@type\":\"ListItem\",\"position\":1,\"name\":\"Portada\",\"item\":\"https:\/\/www.donibane-hondarribia.com\/eu\/\"},{\"@type\":\"ListItem\",\"position\":2,\"name\":\"El Recorrido\"}]},{\"@type\":\"WebSite\",\"@id\":\"https:\/\/www.donibane-hondarribia.com\/#website\",\"url\":\"https:\/\/www.donibane-hondarribia.com\/\",\"name\":\"Donibane Lohizune Hondarribia\",\"description\":\"2024\/10\/27 10:00 - Media marat\u00f3n San Juan de Luz Hondarribia - Semi-Marathon Saint Jean de Luz hondarribia - Erdi maratoia Donibane Lohizune Hondarribia\",\"potentialAction\":[{\"@type\":\"SearchAction\",\"target\":{\"@type\":\"EntryPoint\",\"urlTemplate\":\"https:\/\/www.donibane-hondarribia.com\/?s={search_term_string}\"},\"query-input\":{\"@type\":\"PropertyValueSpecification\",\"valueRequired\":true,\"valueName\":\"search_term_string\"}}],\"inLanguage\":\"eu-ES\"}]}<\/script>\n<!-- \/ Yoast SEO plugin. -->","yoast_head_json":{"title":"El Recorrido - Donibane Lohizune Hondarribia","robots":{"index":"index","follow":"follow","max-snippet":"max-snippet:-1","max-image-preview":"max-image-preview:large","max-video-preview":"max-video-preview:-1"},"canonical":"https:\/\/www.donibane-hondarribia.com\/eu\/el-recorrido\/","og_locale":"eu_ES","og_type":"article","og_title":"El Recorrido - Donibane Lohizune Hondarribia","og_description":"DONIBANE LOHIZUNE HONDARRIBIA LASTERKETA 22 OCTUBRE 2017 EL RECORRIDO Claves M\u00e1ximo 2.999 participantes. Pacers para tiempo en meta desde 1h25\u2019 hasta las 2h00\u2019 Inicio a las 11:00 en Boulervard Thiers junto al Grand Hotel en San Juan de Luz y meta en Zuloaga Kalea en Hondarribia, junto al Hotel Jauregi. Distancia de 21,1 km principalmente [&hellip;]","og_url":"https:\/\/www.donibane-hondarribia.com\/eu\/el-recorrido\/","og_site_name":"Donibane Lohizune Hondarribia","article_publisher":"https:\/\/es-es.facebook.com\/DonibaneHondarribia\/","article_modified_time":"2020-06-01T08:23:07+00:00","twitter_card":"summary_large_image","twitter_site":"@dhondarribia","twitter_misc":{"Est. reading time":"10 minutes"},"schema":{"@context":"https:\/\/schema.org","@graph":[{"@type":"WebPage","@id":"https:\/\/www.donibane-hondarribia.com\/eu\/el-recorrido\/","url":"https:\/\/www.donibane-hondarribia.com\/eu\/el-recorrido\/","name":"El Recorrido - Donibane Lohizune Hondarribia","isPartOf":{"@id":"https:\/\/www.donibane-hondarribia.com\/#website"},"datePublished":"2017-04-28T14:22:33+00:00","dateModified":"2020-06-01T08:23:07+00:00","breadcrumb":{"@id":"https:\/\/www.donibane-hondarribia.com\/eu\/el-recorrido\/#breadcrumb"},"inLanguage":"eu-ES","potentialAction":[{"@type":"ReadAction","target":["https:\/\/www.donibane-hondarribia.com\/eu\/el-recorrido\/"]}]},{"@type":"BreadcrumbList","@id":"https:\/\/www.donibane-hondarribia.com\/eu\/el-recorrido\/#breadcrumb","itemListElement":[{"@type":"ListItem","position":1,"name":"Portada","item":"https:\/\/www.donibane-hondarribia.com\/eu\/"},{"@type":"ListItem","position":2,"name":"El Recorrido"}]},{"@type":"WebSite","@id":"https:\/\/www.donibane-hondarribia.com\/#website","url":"https:\/\/www.donibane-hondarribia.com\/","name":"Donibane Lohizune Hondarribia","description":"2024\/10\/27 10:00 - Media marat\u00f3n San Juan de Luz Hondarribia - Semi-Marathon Saint Jean de Luz hondarribia - Erdi maratoia Donibane Lohizune Hondarribia","potentialAction":[{"@type":"SearchAction","target":{"@type":"EntryPoint","urlTemplate":"https:\/\/www.donibane-hondarribia.com\/?s={search_term_string}"},"query-input":{"@type":"PropertyValueSpecification","valueRequired":true,"valueName":"search_term_string"}}],"inLanguage":"eu-ES"}]}},"_links":{"self":[{"href":"https:\/\/www.donibane-hondarribia.com\/eu\/wp-json\/wp\/v2\/pages\/1005","targetHints":{"allow":["GET"]}}],"collection":[{"href":"https:\/\/www.donibane-hondarribia.com\/eu\/wp-json\/wp\/v2\/pages"}],"about":[{"href":"https:\/\/www.donibane-hondarribia.com\/eu\/wp-json\/wp\/v2\/types\/page"}],"author":[{"embeddable":true,"href":"https:\/\/www.donibane-hondarribia.com\/eu\/wp-json\/wp\/v2\/users\/1"}],"replies":[{"embeddable":true,"href":"https:\/\/www.donibane-hondarribia.com\/eu\/wp-json\/wp\/v2\/comments?post=1005"}],"version-history":[{"count":0,"href":"https:\/\/www.donibane-hondarribia.com\/eu\/wp-json\/wp\/v2\/pages\/1005\/revisions"}],"wp:attachment":[{"href":"https:\/\/www.donibane-hondarribia.com\/eu\/wp-json\/wp\/v2\/media?parent=1005"}],"curies":[{"name":"wp","href":"https:\/\/api.w.org\/{rel}","templated":true}]}}