{"id":2978,"date":"2020-06-01T13:10:33","date_gmt":"2020-06-01T12:10:33","guid":{"rendered":"https:\/\/www.donibane-hondarribia.com\/?page_id=2978"},"modified":"2026-05-06T23:05:25","modified_gmt":"2026-05-06T22:05:25","slug":"commencer","status":"publish","type":"page","link":"https:\/\/www.donibane-hondarribia.com\/fr\/","title":{"rendered":"Inicio"},"content":{"rendered":"<p>[et_pb_section fb_built=\u00a0\u00bb1&Prime; module_class=\u00a0\u00bbheader-video\u00a0\u00bb _builder_version=\u00a0\u00bb4.19.4&Prime; _module_preset=\u00a0\u00bbdefault\u00a0\u00bb background_color=\u00a0\u00bbrgba(0,0,0,0.5)\u00a0\u00bb use_background_color_gradient=\u00a0\u00bbon\u00a0\u00bb background_video_mp4=\u00a0\u00bbhttps:\/\/www.donibane-hondarribia.com\/wp-content\/uploads\/2023\/02\/Donibane2022-home-1.mp4&Prime; custom_padding=\u00a0\u00bb||50px||false|false\u00a0\u00bb locked=\u00a0\u00bboff\u00a0\u00bb collapsed=\u00a0\u00bboff\u00a0\u00bb global_colors_info=\u00a0\u00bb{}\u00a0\u00bb][et_pb_row _builder_version=\u00a0\u00bb4.19.4&Prime; _module_preset=\u00a0\u00bbdefault\u00a0\u00bb collapsed=\u00a0\u00bboff\u00a0\u00bb global_colors_info=\u00a0\u00bb{}\u00a0\u00bb][et_pb_column type=\u00a0\u00bb4_4&Prime; _builder_version=\u00a0\u00bb4.19.4&Prime; _module_preset=\u00a0\u00bbdefault\u00a0\u00bb global_colors_info=\u00a0\u00bb{}\u00a0\u00bb][et_pb_text disabled_on=\u00a0\u00bbon|on|on\u00a0\u00bb admin_label=\u00a0\u00bbAgradecimiento\u00a0\u00bb _builder_version=\u00a0\u00bb4.27.4&Prime; _module_preset=\u00a0\u00bbdefault\u00a0\u00bb hover_enabled=\u00a0\u00bb0&Prime; disabled=\u00a0\u00bbon\u00a0\u00bb global_colors_info=\u00a0\u00bb{}\u00a0\u00bb sticky_enabled=\u00a0\u00bb0&Prime;]<\/p>\n<p class=\"inscrip\" style=\"margin-bottom: 30px;\">Merci \u00e0 tous<\/p>\n<p>Vous voulez voir les r\u00e9sultats de la course? Cliquez <a href=\"https:\/\/pb-organisation.com\/resultats\/G-LIVE\/g-live.html?f=..\/suivi2025\/DONIBANE%20LOHIZUNE%20HONDARRIBIA%20LASTERKETA%202025.clax\" target=\"_blank\" rel=\"noopener\">ici<\/a><\/p>\n<p>Souhaitez-vous que nous vous informions de l&rsquo;ouverture des inscriptions pour 2026 ? <a href=\"https:\/\/forms.gle\/UyVLQeHS9ecePxCD9\" target=\"_blank\" rel=\"noopener\">Remplissez ce formulaire<\/a><\/p>\n<p>[\/et_pb_text][et_pb_text disabled_on=\u00a0\u00bboff|off|off\u00a0\u00bb admin_label=\u00a0\u00bbDorsales finalizidos\u00a0\u00bb _builder_version=\u00a0\u00bb4.27.6&Prime; _module_preset=\u00a0\u00bbdefault\u00a0\u00bb hover_enabled=\u00a0\u00bb0&Prime; global_colors_info=\u00a0\u00bb{}\u00a0\u00bb sticky_enabled=\u00a0\u00bb0&Prime;]<\/p>\n<p class=\"inscrip\" style=\"margin-bottom: 30px;\">Dossards \u00e9puis\u00e9s<\/p>\n<p>Souhaitez-vous que nous vous informions de l&rsquo;ouverture des inscriptions pour 2027? <a href=\"https:\/\/docs.google.com\/forms\/d\/e\/1FAIpQLSfzBO25AxQbunpkwhka8cK-dacntIEJMsa9D53yoMPgBysRaQ\/viewform?usp=publish-editor\" target=\"_blank\" rel=\"noopener\">Remplissez ce formulaire<\/a><\/p>\n<p>[\/et_pb_text][et_pb_text _builder_version=\u00a0\u00bb4.27.4&Prime; _module_preset=\u00a0\u00bbdefault\u00a0\u00bb global_colors_info=\u00a0\u00bb{}\u00a0\u00bb disabled_on=\u00a0\u00bbon|on|on\u00a0\u00bb disabled=\u00a0\u00bbon\u00a0\u00bb]<\/p>\n<p class=\"inscrip\" style=\"margin-bottom: 30px;\">Ouverture des inscriptions<\/p>\n<p>16 mars 2026, 10h00<\/p>\n<p>[\/et_pb_text][et_pb_button button_url=\u00a0\u00bbhttps:\/\/in.njuko.com\/donibane-lohizune-hondarribia-lasterketa-20261772044904919?currentPage=select-competition\u00a0\u00bb url_new_window=\u00a0\u00bbon\u00a0\u00bb button_text=\u00a0\u00bbInscription\u00a0\u00bb button_alignment=\u00a0\u00bbleft\u00a0\u00bb disabled_on=\u00a0\u00bbon|on|on\u00a0\u00bb _builder_version=\u00a0\u00bb4.27.4&Prime; locked=\u00a0\u00bboff\u00a0\u00bb global_colors_info=\u00a0\u00bb{}\u00a0\u00bb button_text_size__hover_enabled=\u00a0\u00bboff\u00a0\u00bb button_one_text_size__hover_enabled=\u00a0\u00bboff\u00a0\u00bb button_two_text_size__hover_enabled=\u00a0\u00bboff\u00a0\u00bb button_text_color__hover_enabled=\u00a0\u00bboff\u00a0\u00bb button_one_text_color__hover_enabled=\u00a0\u00bboff\u00a0\u00bb button_two_text_color__hover_enabled=\u00a0\u00bboff\u00a0\u00bb button_border_width__hover_enabled=\u00a0\u00bboff\u00a0\u00bb button_one_border_width__hover_enabled=\u00a0\u00bboff\u00a0\u00bb button_two_border_width__hover_enabled=\u00a0\u00bboff\u00a0\u00bb button_border_color__hover_enabled=\u00a0\u00bboff\u00a0\u00bb button_one_border_color__hover_enabled=\u00a0\u00bboff\u00a0\u00bb button_two_border_color__hover_enabled=\u00a0\u00bboff\u00a0\u00bb button_border_radius__hover_enabled=\u00a0\u00bboff\u00a0\u00bb button_one_border_radius__hover_enabled=\u00a0\u00bboff\u00a0\u00bb button_two_border_radius__hover_enabled=\u00a0\u00bboff\u00a0\u00bb button_letter_spacing__hover_enabled=\u00a0\u00bboff\u00a0\u00bb button_one_letter_spacing__hover_enabled=\u00a0\u00bboff\u00a0\u00bb button_two_letter_spacing__hover_enabled=\u00a0\u00bboff\u00a0\u00bb button_bg_color__hover_enabled=\u00a0\u00bboff\u00a0\u00bb button_one_bg_color__hover_enabled=\u00a0\u00bboff\u00a0\u00bb button_two_bg_color__hover_enabled=\u00a0\u00bboff\u00a0\u00bb disabled=\u00a0\u00bbon\u00a0\u00bb][\/et_pb_button][et_pb_text disabled_on=\u00a0\u00bboff|off|off\u00a0\u00bb admin_label=\u00a0\u00bbVer video completo\u00a0\u00bb _builder_version=\u00a0\u00bb4.27.4&Prime; _module_preset=\u00a0\u00bbdefault\u00a0\u00bb global_colors_info=\u00a0\u00bb{}\u00a0\u00bb]<\/p>\n<p><a class=\"fullvideo\" href=\"https:\/\/www.youtube.com\/watch?v=JGWtUMUshqc\"><img decoding=\"async\" src=\"https:\/\/www.donibane-hondarribia.com\/wp-content\/uploads\/2023\/02\/video.svg\" \/>Voir la vid\u00e9o compl\u00e8te<\/a><\/p>\n<p>[\/et_pb_text][\/et_pb_column][\/et_pb_row][\/et_pb_section][et_pb_section fb_built=\u00a0\u00bb1&Prime; disabled_on=\u00a0\u00bboff|off|off\u00a0\u00bb _builder_version=\u00a0\u00bb4.19.4&Prime; _module_preset=\u00a0\u00bbdefault\u00a0\u00bb locked=\u00a0\u00bboff\u00a0\u00bb collapsed=\u00a0\u00bboff\u00a0\u00bb global_colors_info=\u00a0\u00bb{}\u00a0\u00bb][et_pb_row disabled_on=\u00a0\u00bboff|off|off\u00a0\u00bb module_class=\u00a0\u00bbirteera-wrapper\u00a0\u00bb _builder_version=\u00a0\u00bb4.19.4&Prime; _module_preset=\u00a0\u00bbdefault\u00a0\u00bb background_enable_color=\u00a0\u00bboff\u00a0\u00bb global_colors_info=\u00a0\u00bb{}\u00a0\u00bb][et_pb_column type=\u00a0\u00bb4_4&Prime; _builder_version=\u00a0\u00bb4.19.4&Prime; _module_preset=\u00a0\u00bbdefault\u00a0\u00bb global_colors_info=\u00a0\u00bb{}\u00a0\u00bb][et_pb_blurb title=\u00a0\u00bb Exigence d&rsquo;aptitude m\u00e9dicale\u00a0\u00bb image=\u00a0\u00bbhttps:\/\/www.donibane-hondarribia.com\/wp-content\/uploads\/2024\/10\/oharra.png\u00a0\u00bb image_icon_width=\u00a0\u00bb200%\u00a0\u00bb module_class=\u00a0\u00bbaldaketa\u00a0\u00bb _builder_version=\u00a0\u00bb4.27.4&Prime; _module_preset=\u00a0\u00bbdefault\u00a0\u00bb header_level=\u00a0\u00bbh2&Prime; header_font_size=\u00a0\u00bb36px\u00a0\u00bb body_font_size=\u00a0\u00bb20px\u00a0\u00bb body_line_height=\u00a0\u00bb1.5em\u00a0\u00bb background_enable_color=\u00a0\u00bboff\u00a0\u00bb text_orientation=\u00a0\u00bbcenter\u00a0\u00bb global_colors_info=\u00a0\u00bb{}\u00a0\u00bb]<\/p>\n<p>Certificat de pr\u00e9vention des risques FFA (<a href=\"https:\/\/pps.athle.fr\/\" target=\"_blank\" rel=\"noopener\">pps.athle.fr<\/a>)<br \/>\u00c0 partir de 2026, son co\u00fbt est de 5 \u20ac. <br \/>Ce certificat est valable un an.<\/p>\n<p>Le certificat m\u00e9dical, accept\u00e9 lors des \u00e9ditions pr\u00e9c\u00e9dentes, n&rsquo;est plus reconnu par la F\u00e9d\u00e9ration Fran\u00e7aise d&rsquo;Athl\u00e9tisme.<\/p>\n<p>[\/et_pb_blurb][\/et_pb_column][\/et_pb_row][\/et_pb_section][et_pb_section fb_built=\u00a0\u00bb1&Prime; admin_label=\u00a0\u00bbsection\u00a0\u00bb _builder_version=\u00a0\u00bb4.17.4&Prime; background_color=\u00a0\u00bb#FFFFFF\u00a0\u00bb custom_margin=\u00a0\u00bb-3px|||||\u00a0\u00bb custom_padding=\u00a0\u00bb0px||0px|\u00a0\u00bb transparent_background=\u00a0\u00bbon\u00a0\u00bb collapsed=\u00a0\u00bboff\u00a0\u00bb global_colors_info=\u00a0\u00bb{}\u00a0\u00bb][et_pb_row _builder_version=\u00a0\u00bb4.17.4&Prime; _module_preset=\u00a0\u00bbdefault\u00a0\u00bb locked=\u00a0\u00bboff\u00a0\u00bb global_colors_info=\u00a0\u00bb{}\u00a0\u00bb][et_pb_column type=\u00a0\u00bb4_4&Prime; _builder_version=\u00a0\u00bb4.17.4&Prime; _module_preset=\u00a0\u00bbdefault\u00a0\u00bb global_colors_info=\u00a0\u00bb{}\u00a0\u00bb][et_pb_text _builder_version=\u00a0\u00bb4.16&Prime; background_size=\u00a0\u00bbinitial\u00a0\u00bb background_position=\u00a0\u00bbtop_left\u00a0\u00bb background_repeat=\u00a0\u00bbrepeat\u00a0\u00bb custom_margin=\u00a0\u00bb|||20px\u00a0\u00bb global_colors_info=\u00a0\u00bb{}\u00a0\u00bb]<\/p>\n<h1>L&rsquo;ESSENTIEL<\/h1>\n<p>[\/et_pb_text][et_pb_divider color=\u00a0\u00bb#000000&Prime; _builder_version=\u00a0\u00bb4.17.4&Prime; _module_preset=\u00a0\u00bbdefault\u00a0\u00bb custom_margin=\u00a0\u00bb-24px||||false|false\u00a0\u00bb global_colors_info=\u00a0\u00bb{}\u00a0\u00bb][\/et_pb_divider][\/et_pb_column][\/et_pb_row][et_pb_row column_structure=\u00a0\u00bb1_3,2_3&Prime; use_custom_gutter=\u00a0\u00bbon\u00a0\u00bb gutter_width=\u00a0\u00bb1&Prime; make_equal=\u00a0\u00bbon\u00a0\u00bb admin_label=\u00a0\u00bbrow\u00a0\u00bb module_class=\u00a0\u00bbdestacados\u00a0\u00bb _builder_version=\u00a0\u00bb4.17.4&Prime; background_size=\u00a0\u00bbinitial\u00a0\u00bb background_position=\u00a0\u00bbtop_left\u00a0\u00bb background_repeat=\u00a0\u00bbrepeat\u00a0\u00bb custom_padding=\u00a0\u00bb0px||0px|\u00a0\u00bb global_colors_info=\u00a0\u00bb{}\u00a0\u00bb][et_pb_column type=\u00a0\u00bb1_3&Prime; _builder_version=\u00a0\u00bb4.17.4&Prime; background_image=\u00a0\u00bbhttps:\/\/www.donibane-hondarribia.com\/wp-content\/uploads\/2017\/04\/731.jpg\u00a0\u00bb custom_padding=\u00a0\u00bb|||\u00a0\u00bb link_option_url=\u00a0\u00bbhttps:\/\/www.donibane-hondarribia.com\/fr\/le-parcour\/servicios-para-el-corredor\/\u00a0\u00bb global_colors_info=\u00a0\u00bb{}\u00a0\u00bb custom_padding__hover=\u00a0\u00bb|||\u00a0\u00bb][et_pb_text _builder_version=\u00a0\u00bb4.17.4&Prime; background_size=\u00a0\u00bbinitial\u00a0\u00bb background_position=\u00a0\u00bbtop_left\u00a0\u00bb background_repeat=\u00a0\u00bbrepeat\u00a0\u00bb background_layout=\u00a0\u00bbdark\u00a0\u00bb global_colors_info=\u00a0\u00bb{}\u00a0\u00bb]<\/p>\n<div class=\"destacado-txt\">\n<h3><span>PRESTATIONS DE SERVICE<\/span><\/h3>\n<p>Tout ce que comprend votre dossard<\/p>\n<\/div>\n<p>[\/et_pb_text][\/et_pb_column][et_pb_column type=\u00a0\u00bb2_3&Prime; _builder_version=\u00a0\u00bb4.17.4&Prime; background_image=\u00a0\u00bbhttps:\/\/www.donibane-hondarribia.com\/wp-content\/uploads\/2022\/07\/certificado-medico-donibane.jpg\u00a0\u00bb custom_padding=\u00a0\u00bb|||\u00a0\u00bb link_option_url=\u00a0\u00bbhttps:\/\/www.donibane-hondarribia.com\/fr\/inscriptions\/modalites-d-inscriptions\/\u00a0\u00bb global_colors_info=\u00a0\u00bb{}\u00a0\u00bb custom_padding__hover=\u00a0\u00bb|||\u00a0\u00bb][et_pb_text _builder_version=\u00a0\u00bb4.17.4&Prime; background_size=\u00a0\u00bbinitial\u00a0\u00bb background_position=\u00a0\u00bbtop_left\u00a0\u00bb background_repeat=\u00a0\u00bbrepeat\u00a0\u00bb global_colors_info=\u00a0\u00bb{}\u00a0\u00bb]<\/p>\n<div class=\"destacado-txt\">\n<h2><span>CERTIFICAT M\u00c9DICAL<\/span><\/h2>\n<p><span>Informations essentielles pour les participants.<\/span><\/p>\n<\/div>\n<p>[\/et_pb_text][\/et_pb_column][\/et_pb_row][et_pb_row column_structure=\u00a0\u00bb2_3,1_3&Prime; use_custom_gutter=\u00a0\u00bbon\u00a0\u00bb gutter_width=\u00a0\u00bb1&Prime; make_equal=\u00a0\u00bbon\u00a0\u00bb admin_label=\u00a0\u00bbrow\u00a0\u00bb module_class=\u00a0\u00bbdestacados\u00a0\u00bb _builder_version=\u00a0\u00bb4.17.4&Prime; background_size=\u00a0\u00bbinitial\u00a0\u00bb background_position=\u00a0\u00bbtop_left\u00a0\u00bb background_repeat=\u00a0\u00bbrepeat\u00a0\u00bb custom_padding=\u00a0\u00bb0px||0px|\u00a0\u00bb global_colors_info=\u00a0\u00bb{}\u00a0\u00bb][et_pb_column type=\u00a0\u00bb2_3&Prime; _builder_version=\u00a0\u00bb4.17.4&Prime; background_image=\u00a0\u00bbhttps:\/\/www.donibane-hondarribia.com\/wp-content\/uploads\/2017\/04\/430.jpg\u00a0\u00bb custom_padding=\u00a0\u00bb|||\u00a0\u00bb link_option_url=\u00a0\u00bbhttps:\/\/www.donibane-hondarribia.com\/fr\/le-parcour\/21km-a-detalle\/\u00a0\u00bb global_colors_info=\u00a0\u00bb{}\u00a0\u00bb custom_padding__hover=\u00a0\u00bb|||\u00a0\u00bb][et_pb_text _builder_version=\u00a0\u00bb4.17.4&Prime; background_size=\u00a0\u00bbinitial\u00a0\u00bb background_position=\u00a0\u00bbtop_left\u00a0\u00bb background_repeat=\u00a0\u00bbrepeat\u00a0\u00bb global_colors_info=\u00a0\u00bb{}\u00a0\u00bb]<\/p>\n<div class=\"destacado-txt\">\n<h2><span>ITIN\u00c9RAIRE<\/span><\/h2>\n<p><span>Renseignement sur le parcours exceptionnel<\/span><\/p>\n<\/div>\n<p>[\/et_pb_text][\/et_pb_column][et_pb_column type=\u00a0\u00bb1_3&Prime; _builder_version=\u00a0\u00bb4.17.4&Prime; background_image=\u00a0\u00bbhttps:\/\/www.donibane-hondarribia.com\/wp-content\/uploads\/2022\/07\/faqs.jpg\u00a0\u00bb custom_padding=\u00a0\u00bb|||\u00a0\u00bb link_option_url=\u00a0\u00bbhttps:\/\/www.donibane-hondarribia.com\/fr\/le-parcour\/servicios-para-el-corredor\/\u00a0\u00bb global_colors_info=\u00a0\u00bb{}\u00a0\u00bb custom_padding__hover=\u00a0\u00bb|||\u00a0\u00bb][et_pb_text _builder_version=\u00a0\u00bb4.16&Prime; background_size=\u00a0\u00bbinitial\u00a0\u00bb background_position=\u00a0\u00bbtop_left\u00a0\u00bb background_repeat=\u00a0\u00bbrepeat\u00a0\u00bb global_colors_info=\u00a0\u00bb{}\u00a0\u00bb]<\/p>\n<div class=\"destacado-txt\">\n<h2><a href=\"https:\/\/donibane-hondarribia.com\/fr\/la-carrera\/preguntas-frecuentes\/\">QUESTIONS FR\u00c9QUENTES<\/a><\/h2>\n<p>Toutes les r\u00e9ponses \u00e0 tes questions<\/p>\n<\/div>\n<p>[\/et_pb_text][\/et_pb_column][\/et_pb_row][et_pb_row admin_label=\u00a0\u00bbrow\u00a0\u00bb _builder_version=\u00a0\u00bb4.16&Prime; background_color=\u00a0\u00bb#ffffff\u00a0\u00bb background_size=\u00a0\u00bbinitial\u00a0\u00bb background_position=\u00a0\u00bbtop_left\u00a0\u00bb background_repeat=\u00a0\u00bbrepeat\u00a0\u00bb global_colors_info=\u00a0\u00bb{}\u00a0\u00bb][et_pb_column type=\u00a0\u00bb4_4&Prime; _builder_version=\u00a0\u00bb4.16&Prime; custom_padding=\u00a0\u00bb|||\u00a0\u00bb global_colors_info=\u00a0\u00bb{}\u00a0\u00bb custom_padding__hover=\u00a0\u00bb|||\u00a0\u00bb][et_pb_image src=\u00a0\u00bbhttps:\/\/www.donibane-hondarribia.com\/wp-content\/uploads\/2025\/10\/2025-babesleak-final.jpg\u00a0\u00bb title_text=\u00a0\u00bb2025-babesleak-final\u00a0\u00bb align_tablet=\u00a0\u00bbcenter\u00a0\u00bb align_phone=\u00a0\u00bb\u00a0\u00bb align_last_edited=\u00a0\u00bbon|desktop\u00a0\u00bb _builder_version=\u00a0\u00bb4.27.4&Prime; z_index_tablet=\u00a0\u00bb500&Prime; box_shadow_horizontal_tablet=\u00a0\u00bb0px\u00a0\u00bb box_shadow_vertical_tablet=\u00a0\u00bb0px\u00a0\u00bb box_shadow_blur_tablet=\u00a0\u00bb40px\u00a0\u00bb box_shadow_spread_tablet=\u00a0\u00bb0px\u00a0\u00bb global_colors_info=\u00a0\u00bb{}\u00a0\u00bb][\/et_pb_image][\/et_pb_column][\/et_pb_row][\/et_pb_section]<\/p>\n","protected":false},"excerpt":{"rendered":"<p>Merci \u00e0 tous Vous voulez voir les r\u00e9sultats de la course? Cliquez ici Souhaitez-vous que nous vous informions de l&rsquo;ouverture des inscriptions pour 2026 ? Remplissez ce formulaireDossards \u00e9puis\u00e9s Souhaitez-vous que nous vous informions de l&rsquo;ouverture des inscriptions pour 2027? Remplissez ce formulaireOuverture des inscriptions 16 mars 2026, 10h00Voir la vid\u00e9o compl\u00e8teCertificat de pr\u00e9vention des [&hellip;]<\/p>\n","protected":false},"author":1,"featured_media":0,"parent":0,"menu_order":9,"comment_status":"closed","ping_status":"closed","template":"","meta":{"_et_pb_use_builder":"on","_et_pb_old_content":"","_et_gb_content_width":"","inline_featured_image":false,"footnotes":""},"class_list":["post-2978","page","type-page","status-publish","hentry"],"yoast_head":"<!-- This site is optimized with the Yoast SEO plugin v27.2 - https:\/\/yoast.com\/product\/yoast-seo-wordpress\/ -->\n<title>Inicio - Donibane Lohizune Hondarribia<\/title>\n<meta name=\"robots\" content=\"index, follow, max-snippet:-1, max-image-preview:large, max-video-preview:-1\" \/>\n<link rel=\"canonical\" href=\"https:\/\/www.donibane-hondarribia.com\/fr\/\" \/>\n<meta property=\"og:locale\" content=\"fr_FR\" \/>\n<meta property=\"og:type\" content=\"article\" \/>\n<meta property=\"og:title\" content=\"Inicio - Donibane Lohizune Hondarribia\" \/>\n<meta property=\"og:description\" content=\"Merci \u00e0 tous Vous voulez voir les r\u00e9sultats de la course? Cliquez ici Souhaitez-vous que nous vous informions de l&#039;ouverture des inscriptions pour 2026 ? Remplissez ce formulaireDossards \u00e9puis\u00e9s Souhaitez-vous que nous vous informions de l&#039;ouverture des inscriptions pour 2027? Remplissez ce formulaireOuverture des inscriptions 16 mars 2026, 10h00Voir la vid\u00e9o compl\u00e8teCertificat de pr\u00e9vention des [&hellip;]\" \/>\n<meta property=\"og:url\" content=\"https:\/\/www.donibane-hondarribia.com\/fr\/\" \/>\n<meta property=\"og:site_name\" content=\"Donibane Lohizune Hondarribia\" \/>\n<meta property=\"article:publisher\" content=\"https:\/\/es-es.facebook.com\/DonibaneHondarribia\/\" \/>\n<meta property=\"article:modified_time\" content=\"2026-05-06T22:05:25+00:00\" \/>\n<meta property=\"og:image\" content=\"https:\/\/www.donibane-hondarribia.com\/wp-content\/uploads\/2023\/02\/video.svg\" \/>\n<meta name=\"twitter:card\" content=\"summary_large_image\" \/>\n<meta name=\"twitter:site\" content=\"@dhondarribia\" \/>\n<meta name=\"twitter:label1\" content=\"Dur\u00e9e de lecture estim\u00e9e\" \/>\n\t<meta name=\"twitter:data1\" content=\"2 minutes\" \/>\n<script type=\"application\/ld+json\" class=\"yoast-schema-graph\">{\"@context\":\"https:\/\/schema.org\",\"@graph\":[{\"@type\":\"WebPage\",\"@id\":\"https:\/\/www.donibane-hondarribia.com\/fr\/\",\"url\":\"https:\/\/www.donibane-hondarribia.com\/fr\/\",\"name\":\"Inicio - Donibane Lohizune Hondarribia\",\"isPartOf\":{\"@id\":\"https:\/\/www.donibane-hondarribia.com\/#website\"},\"primaryImageOfPage\":{\"@id\":\"https:\/\/www.donibane-hondarribia.com\/fr\/#primaryimage\"},\"image\":{\"@id\":\"https:\/\/www.donibane-hondarribia.com\/fr\/#primaryimage\"},\"thumbnailUrl\":\"https:\/\/www.donibane-hondarribia.com\/wp-content\/uploads\/2023\/02\/video.svg\",\"datePublished\":\"2020-06-01T12:10:33+00:00\",\"dateModified\":\"2026-05-06T22:05:25+00:00\",\"breadcrumb\":{\"@id\":\"https:\/\/www.donibane-hondarribia.com\/fr\/#breadcrumb\"},\"inLanguage\":\"fr-FR\",\"potentialAction\":[{\"@type\":\"ReadAction\",\"target\":[\"https:\/\/www.donibane-hondarribia.com\/fr\/\"]}]},{\"@type\":\"ImageObject\",\"inLanguage\":\"fr-FR\",\"@id\":\"https:\/\/www.donibane-hondarribia.com\/fr\/#primaryimage\",\"url\":\"https:\/\/www.donibane-hondarribia.com\/wp-content\/uploads\/2023\/02\/video.svg\",\"contentUrl\":\"https:\/\/www.donibane-hondarribia.com\/wp-content\/uploads\/2023\/02\/video.svg\"},{\"@type\":\"BreadcrumbList\",\"@id\":\"https:\/\/www.donibane-hondarribia.com\/fr\/#breadcrumb\",\"itemListElement\":[{\"@type\":\"ListItem\",\"position\":1,\"name\":\"Portada\",\"item\":\"https:\/\/www.donibane-hondarribia.com\/fr\/\"},{\"@type\":\"ListItem\",\"position\":2,\"name\":\"Inicio\"}]},{\"@type\":\"WebSite\",\"@id\":\"https:\/\/www.donibane-hondarribia.com\/#website\",\"url\":\"https:\/\/www.donibane-hondarribia.com\/\",\"name\":\"Donibane Lohizune Hondarribia\",\"description\":\"2024\/10\/27 10:00 - Media marat\u00f3n San Juan de Luz Hondarribia - Semi-Marathon Saint Jean de Luz hondarribia - Erdi maratoia Donibane Lohizune Hondarribia\",\"potentialAction\":[{\"@type\":\"SearchAction\",\"target\":{\"@type\":\"EntryPoint\",\"urlTemplate\":\"https:\/\/www.donibane-hondarribia.com\/?s={search_term_string}\"},\"query-input\":{\"@type\":\"PropertyValueSpecification\",\"valueRequired\":true,\"valueName\":\"search_term_string\"}}],\"inLanguage\":\"fr-FR\"}]}<\/script>\n<!-- \/ Yoast SEO plugin. -->","yoast_head_json":{"title":"Inicio - Donibane Lohizune Hondarribia","robots":{"index":"index","follow":"follow","max-snippet":"max-snippet:-1","max-image-preview":"max-image-preview:large","max-video-preview":"max-video-preview:-1"},"canonical":"https:\/\/www.donibane-hondarribia.com\/fr\/","og_locale":"fr_FR","og_type":"article","og_title":"Inicio - Donibane Lohizune Hondarribia","og_description":"Merci \u00e0 tous Vous voulez voir les r\u00e9sultats de la course? Cliquez ici Souhaitez-vous que nous vous informions de l'ouverture des inscriptions pour 2026 ? Remplissez ce formulaireDossards \u00e9puis\u00e9s Souhaitez-vous que nous vous informions de l'ouverture des inscriptions pour 2027? Remplissez ce formulaireOuverture des inscriptions 16 mars 2026, 10h00Voir la vid\u00e9o compl\u00e8teCertificat de pr\u00e9vention des [&hellip;]","og_url":"https:\/\/www.donibane-hondarribia.com\/fr\/","og_site_name":"Donibane Lohizune Hondarribia","article_publisher":"https:\/\/es-es.facebook.com\/DonibaneHondarribia\/","article_modified_time":"2026-05-06T22:05:25+00:00","og_image":[{"url":"https:\/\/www.donibane-hondarribia.com\/wp-content\/uploads\/2023\/02\/video.svg","type":"","width":"","height":""}],"twitter_card":"summary_large_image","twitter_site":"@dhondarribia","twitter_misc":{"Dur\u00e9e de lecture estim\u00e9e":"2 minutes"},"schema":{"@context":"https:\/\/schema.org","@graph":[{"@type":"WebPage","@id":"https:\/\/www.donibane-hondarribia.com\/fr\/","url":"https:\/\/www.donibane-hondarribia.com\/fr\/","name":"Inicio - Donibane Lohizune Hondarribia","isPartOf":{"@id":"https:\/\/www.donibane-hondarribia.com\/#website"},"primaryImageOfPage":{"@id":"https:\/\/www.donibane-hondarribia.com\/fr\/#primaryimage"},"image":{"@id":"https:\/\/www.donibane-hondarribia.com\/fr\/#primaryimage"},"thumbnailUrl":"https:\/\/www.donibane-hondarribia.com\/wp-content\/uploads\/2023\/02\/video.svg","datePublished":"2020-06-01T12:10:33+00:00","dateModified":"2026-05-06T22:05:25+00:00","breadcrumb":{"@id":"https:\/\/www.donibane-hondarribia.com\/fr\/#breadcrumb"},"inLanguage":"fr-FR","potentialAction":[{"@type":"ReadAction","target":["https:\/\/www.donibane-hondarribia.com\/fr\/"]}]},{"@type":"ImageObject","inLanguage":"fr-FR","@id":"https:\/\/www.donibane-hondarribia.com\/fr\/#primaryimage","url":"https:\/\/www.donibane-hondarribia.com\/wp-content\/uploads\/2023\/02\/video.svg","contentUrl":"https:\/\/www.donibane-hondarribia.com\/wp-content\/uploads\/2023\/02\/video.svg"},{"@type":"BreadcrumbList","@id":"https:\/\/www.donibane-hondarribia.com\/fr\/#breadcrumb","itemListElement":[{"@type":"ListItem","position":1,"name":"Portada","item":"https:\/\/www.donibane-hondarribia.com\/fr\/"},{"@type":"ListItem","position":2,"name":"Inicio"}]},{"@type":"WebSite","@id":"https:\/\/www.donibane-hondarribia.com\/#website","url":"https:\/\/www.donibane-hondarribia.com\/","name":"Donibane Lohizune Hondarribia","description":"2024\/10\/27 10:00 - Media marat\u00f3n San Juan de Luz Hondarribia - Semi-Marathon Saint Jean de Luz hondarribia - Erdi maratoia Donibane Lohizune Hondarribia","potentialAction":[{"@type":"SearchAction","target":{"@type":"EntryPoint","urlTemplate":"https:\/\/www.donibane-hondarribia.com\/?s={search_term_string}"},"query-input":{"@type":"PropertyValueSpecification","valueRequired":true,"valueName":"search_term_string"}}],"inLanguage":"fr-FR"}]}},"_links":{"self":[{"href":"https:\/\/www.donibane-hondarribia.com\/fr\/wp-json\/wp\/v2\/pages\/2978","targetHints":{"allow":["GET"]}}],"collection":[{"href":"https:\/\/www.donibane-hondarribia.com\/fr\/wp-json\/wp\/v2\/pages"}],"about":[{"href":"https:\/\/www.donibane-hondarribia.com\/fr\/wp-json\/wp\/v2\/types\/page"}],"author":[{"embeddable":true,"href":"https:\/\/www.donibane-hondarribia.com\/fr\/wp-json\/wp\/v2\/users\/1"}],"replies":[{"embeddable":true,"href":"https:\/\/www.donibane-hondarribia.com\/fr\/wp-json\/wp\/v2\/comments?post=2978"}],"version-history":[{"count":43,"href":"https:\/\/www.donibane-hondarribia.com\/fr\/wp-json\/wp\/v2\/pages\/2978\/revisions"}],"predecessor-version":[{"id":5537,"href":"https:\/\/www.donibane-hondarribia.com\/fr\/wp-json\/wp\/v2\/pages\/2978\/revisions\/5537"}],"wp:attachment":[{"href":"https:\/\/www.donibane-hondarribia.com\/fr\/wp-json\/wp\/v2\/media?parent=2978"}],"curies":[{"name":"wp","href":"https:\/\/api.w.org\/{rel}","templated":true}]}}