{"id":959,"date":"2017-04-28T16:08:46","date_gmt":"2017-04-28T14:08:46","guid":{"rendered":"https:\/\/donibane-hondarribia.com\/?page_id=959"},"modified":"2025-02-20T20:04:13","modified_gmt":"2025-02-20T19:04:13","slug":"lorganisation","status":"publish","type":"page","link":"https:\/\/www.donibane-hondarribia.com\/fr\/la-carrera\/lorganisation\/","title":{"rendered":"L&rsquo;organisation"},"content":{"rendered":"<p>[et_pb_section fb_built=\u00a0\u00bb1&Prime; admin_label=\u00a0\u00bbsection\u00a0\u00bb _builder_version=\u00a0\u00bb4.16&Prime; background_color=\u00a0\u00bbrgba(255,255,255,0)\u00a0\u00bb custom_padding=\u00a0\u00bb0px||0px|\u00a0\u00bb transparent_background=\u00a0\u00bbon\u00a0\u00bb global_colors_info=\u00a0\u00bb{}\u00a0\u00bb][et_pb_row admin_label=\u00a0\u00bbrow\u00a0\u00bb _builder_version=\u00a0\u00bb4.16&Prime; background_color=\u00a0\u00bb#ffffff\u00a0\u00bb background_size=\u00a0\u00bbinitial\u00a0\u00bb background_position=\u00a0\u00bbtop_left\u00a0\u00bb background_repeat=\u00a0\u00bbrepeat\u00a0\u00bb custom_padding=\u00a0\u00bb|20px||20px\u00a0\u00bb global_colors_info=\u00a0\u00bb{}\u00a0\u00bb][et_pb_column type=\u00a0\u00bb4_4&Prime; _builder_version=\u00a0\u00bb4.16&Prime; custom_padding=\u00a0\u00bb|||\u00a0\u00bb global_colors_info=\u00a0\u00bb{}\u00a0\u00bb custom_padding__hover=\u00a0\u00bb|||\u00a0\u00bb][et_pb_text admin_label=\u00a0\u00bbORGANIZACI\u00d3N\u00a0\u00bb _builder_version=\u00a0\u00bb4.16&Prime; background_size=\u00a0\u00bbinitial\u00a0\u00bb background_position=\u00a0\u00bbtop_left\u00a0\u00bb background_repeat=\u00a0\u00bbrepeat\u00a0\u00bb global_colors_info=\u00a0\u00bb{}\u00a0\u00bb]<\/p>\n<h1>L&rsquo;ORGANISATION<\/h1>\n<p>[\/et_pb_text][\/et_pb_column][\/et_pb_row][et_pb_row column_structure=\u00a0\u00bb1_2,1_2&Prime; admin_label=\u00a0\u00bbrow\u00a0\u00bb _builder_version=\u00a0\u00bb4.16&Prime; background_color=\u00a0\u00bb#ffffff\u00a0\u00bb background_size=\u00a0\u00bbinitial\u00a0\u00bb background_position=\u00a0\u00bbtop_left\u00a0\u00bb background_repeat=\u00a0\u00bbrepeat\u00a0\u00bb custom_padding=\u00a0\u00bb|20px||20px\u00a0\u00bb global_colors_info=\u00a0\u00bb{}\u00a0\u00bb][et_pb_column type=\u00a0\u00bb1_2&Prime; _builder_version=\u00a0\u00bb4.16&Prime; custom_padding=\u00a0\u00bb|||\u00a0\u00bb global_colors_info=\u00a0\u00bb{}\u00a0\u00bb custom_padding__hover=\u00a0\u00bb|||\u00a0\u00bb][et_pb_text admin_label=\u00a0\u00bbHondarribia Kirol Taldea\u00a0\u00bb _builder_version=\u00a0\u00bb4.16&Prime; background_size=\u00a0\u00bbinitial\u00a0\u00bb background_position=\u00a0\u00bbtop_left\u00a0\u00bb background_repeat=\u00a0\u00bbrepeat\u00a0\u00bb global_colors_info=\u00a0\u00bb{}\u00a0\u00bb]<\/p>\n<h3>Hondarribia Kirol Taldea<\/h3>\n<p>[\/et_pb_text][et_pb_image src=\u00a0\u00bbhttps:\/\/donibane-hondarribia.com\/wp-content\/uploads\/2017\/04\/hkt.jpg\u00a0\u00bb align=\u00a0\u00bbcenter\u00a0\u00bb align_tablet=\u00a0\u00bbcenter\u00a0\u00bb align_phone=\u00a0\u00bbcenter\u00a0\u00bb align_last_edited=\u00a0\u00bbon|desktop\u00a0\u00bb _builder_version=\u00a0\u00bb4.16&Prime; animation=\u00a0\u00bboff\u00a0\u00bb global_colors_info=\u00a0\u00bb{}\u00a0\u00bb][\/et_pb_image][et_pb_text admin_label=\u00a0\u00bbHondarribia Kirol Taldea\u00a0\u00bb _builder_version=\u00a0\u00bb4.16&Prime; background_size=\u00a0\u00bbinitial\u00a0\u00bb background_position=\u00a0\u00bbtop_left\u00a0\u00bb background_repeat=\u00a0\u00bbrepeat\u00a0\u00bb global_colors_info=\u00a0\u00bb{}\u00a0\u00bb]<strong>Hondarribia Kirol Taldea<\/strong> est une association \u00e0 caract\u00e8re sociale et sportive, cr\u00e9\u00e9e en 1985 et dont le but est de soutenir le sport eta la culture dans les alentours d\u2019 Hondarribia.<\/p>\n<p>Bas\u00e9es principalement sur le travail b\u00e9n\u00e9vole de ses adh\u00e9rents, <strong>Hondarribia Kirol Taldea<\/strong>, plus commun\u00e9ment connue sous le nom <strong>HKT<\/strong>, d\u00e9veloppe des activit\u00e9s multisports et culturelles tout au long de l\u2019ann\u00e9e. La plupart d\u2019entre elles ayant un but social et b\u00e9n\u00e9fique. Parmi les activit\u00e9s nous pouvons souligner le Championnat de football et le <strong>semi-marathon d\u2019Euskal Herria<\/strong>.<br \/>\n[\/et_pb_text][et_pb_divider color=\u00a0\u00bb#000000&Prime; divider_position=\u00a0\u00bbcenter\u00a0\u00bb disabled_on=\u00a0\u00bbon|on|off\u00a0\u00bb _builder_version=\u00a0\u00bb4.16&Prime; height=\u00a0\u00bb20px\u00a0\u00bb global_colors_info=\u00a0\u00bb{}\u00a0\u00bb][\/et_pb_divider][et_pb_text admin_label=\u00a0\u00bbHondarribia Kirol Taldea\u00a0\u00bb _builder_version=\u00a0\u00bb4.19.4&Prime; background_size=\u00a0\u00bbinitial\u00a0\u00bb background_position=\u00a0\u00bbtop_left\u00a0\u00bb background_repeat=\u00a0\u00bbrepeat\u00a0\u00bb global_colors_info=\u00a0\u00bb{}\u00a0\u00bb]<strong>Hondarribia Kirol Taldea<\/strong><br \/>\nSantiago 83 \u2013\u00a020280 Hondarribia[\/et_pb_text][et_pb_image src=\u00a0\u00bbhttps:\/\/donibane-hondarribia.com\/wp-content\/uploads\/2017\/04\/75.jpg\u00a0\u00bb align_tablet=\u00a0\u00bbcenter\u00a0\u00bb align_phone=\u00a0\u00bbcenter\u00a0\u00bb align_last_edited=\u00a0\u00bbon|desktop\u00a0\u00bb _builder_version=\u00a0\u00bb4.16&Prime; animation_style=\u00a0\u00bbfade\u00a0\u00bb animation_duration=\u00a0\u00bb500ms\u00a0\u00bb animation=\u00a0\u00bbfade_in\u00a0\u00bb global_colors_info=\u00a0\u00bb{}\u00a0\u00bb][\/et_pb_image][\/et_pb_column][et_pb_column type=\u00a0\u00bb1_2&Prime; _builder_version=\u00a0\u00bb4.16&Prime; custom_padding=\u00a0\u00bb|||\u00a0\u00bb global_colors_info=\u00a0\u00bb{}\u00a0\u00bb custom_padding__hover=\u00a0\u00bb|||\u00a0\u00bb][et_pb_text admin_label=\u00a0\u00bbUR Joko\u00a0\u00bb _builder_version=\u00a0\u00bb4.16&Prime; background_size=\u00a0\u00bbinitial\u00a0\u00bb background_position=\u00a0\u00bbtop_left\u00a0\u00bb background_repeat=\u00a0\u00bbrepeat\u00a0\u00bb global_colors_info=\u00a0\u00bb{}\u00a0\u00bb]<\/p>\n<h3>Ur Joko Arraun Elkartea<\/h3>\n<p>[\/et_pb_text][et_pb_image src=\u00a0\u00bbhttps:\/\/donibane-hondarribia.com\/wp-content\/uploads\/2017\/04\/ur-joko.jpg\u00a0\u00bb align=\u00a0\u00bbcenter\u00a0\u00bb align_tablet=\u00a0\u00bbcenter\u00a0\u00bb align_phone=\u00a0\u00bbcenter\u00a0\u00bb align_last_edited=\u00a0\u00bbon|desktop\u00a0\u00bb _builder_version=\u00a0\u00bb4.16&Prime; animation=\u00a0\u00bboff\u00a0\u00bb global_colors_info=\u00a0\u00bb{}\u00a0\u00bb][\/et_pb_image][et_pb_text admin_label=\u00a0\u00bbUR Joko\u00a0\u00bb _builder_version=\u00a0\u00bb4.16&Prime; background_size=\u00a0\u00bbinitial\u00a0\u00bb background_position=\u00a0\u00bbtop_left\u00a0\u00bb background_repeat=\u00a0\u00bbrepeat\u00a0\u00bb global_colors_info=\u00a0\u00bb{}\u00a0\u00bb]Le club\u00a0 Ur Joko\u00a0 a \u00e9t\u00e9 cr\u00e9\u00e9 en 1912\u00a0 (premier club luzien!)\u00a0 et si \u00e0 ses origines il \u00e9tait un club multisport,\u00a0 il est devenu aujourd\u2019hui , et ce depuis plus de 40 ans, un club d\u2019aviron pratiquant deux disciplines:<\/p>\n<ul>\n<li>la\u00a0 traini\u00e8re (aviron traditionnel basque de mer)<\/li>\n<li>l\u2019aviron olympique<\/li>\n<\/ul>\n<p>C\u2019est un club de sport dont le souhait\u00a0 a toujours\u00a0 \u00e9tait\u00a0 d\u2019allier la comp\u00e9tition\u00a0 pour\u00a0 les personnes en recherche de performance avec le loisir pour les personnes d\u00e9sirant pratiquer la rame \u00e0 leur rythme.<\/p>\n<p>Par ailleurs, un des objectifs principaux du club est d\u2019\u00eatre un club formateur, soucieux de l\u2019\u00e9ducation des jeunes sportifs qui y sont licenci\u00e9s (l\u2019\u00e9cole de rame ouvre ses portes aux enfants d\u00e8s l\u2019\u00e2ge de 10 ans).<\/p>\n<p>L\u2019association fonctionne uniquement sur la base du b\u00e9n\u00e9volat.<\/p>\n<p>En plus de participer aux diverses comp\u00e9tition de traini\u00e8re ou d&rsquo;aviron, le club organise:<\/p>\n<ul>\n<li>La r\u00e9gate de battela de St jean de Luz\/Ciboure, fin Janvier (+de 450 sportifs de 12 \u00e0 40 ans)<\/li>\n<li>La r\u00e9gate de traini\u00e8re de St Jean de Luz\/ Ciboure, fin juin (16 traini\u00e8res soit pr\u00e8s de 200 rameurs)<\/li>\n<li>Le semi-marathon Donibane-Hondarribi en collaboration avec H.K.T<\/li>\n<\/ul>\n<p>[\/et_pb_text][et_pb_divider color=\u00a0\u00bb#000000&Prime; divider_position=\u00a0\u00bbcenter\u00a0\u00bb disabled_on=\u00a0\u00bbon|on|off\u00a0\u00bb _builder_version=\u00a0\u00bb4.16&Prime; height=\u00a0\u00bb20px\u00a0\u00bb global_colors_info=\u00a0\u00bb{}\u00a0\u00bb][\/et_pb_divider][et_pb_text admin_label=\u00a0\u00bbUR Joko\u00a0\u00bb _builder_version=\u00a0\u00bb4.19.4&Prime; background_size=\u00a0\u00bbinitial\u00a0\u00bb background_position=\u00a0\u00bbtop_left\u00a0\u00bb background_repeat=\u00a0\u00bbrepeat\u00a0\u00bb global_colors_info=\u00a0\u00bb{}\u00a0\u00bb]<strong>UR JOKO ARRAUN ELKARTEA<\/strong><br \/>\nRoute d\u2019Ascain \u2013 64500 Saint-Jean-de-Luz[\/et_pb_text][\/et_pb_column][\/et_pb_row][\/et_pb_section][et_pb_section fb_built=\u00a0\u00bb1&Prime; admin_label=\u00a0\u00bbSecci\u00f3n de logos\u00a0\u00bb _builder_version=\u00a0\u00bb4.17.4&Prime; background_color=\u00a0\u00bb#FFFFFF\u00a0\u00bb custom_padding=\u00a0\u00bb0px||0px|\u00a0\u00bb transparent_background=\u00a0\u00bbon\u00a0\u00bb global_module=\u00a0\u00bb1812&Prime; global_colors_info=\u00a0\u00bb{}\u00a0\u00bb][et_pb_row _builder_version=\u00a0\u00bb4.17.4&Prime; _module_preset=\u00a0\u00bbdefault\u00a0\u00bb global_colors_info=\u00a0\u00bb{}\u00a0\u00bb][et_pb_column type=\u00a0\u00bb4_4&Prime; _builder_version=\u00a0\u00bb4.17.4&Prime; _module_preset=\u00a0\u00bbdefault\u00a0\u00bb global_colors_info=\u00a0\u00bb{}\u00a0\u00bb][et_pb_image src=\u00a0\u00bbhttps:\/\/www.donibane-hondarribia.com\/wp-content\/uploads\/2024\/07\/2024-babesleak-final.jpg\u00a0\u00bb title_text=\u00a0\u00bb2024-babesleak-final\u00a0\u00bb _builder_version=\u00a0\u00bb4.19.4&Prime; _module_preset=\u00a0\u00bbdefault\u00a0\u00bb global_colors_info=\u00a0\u00bb{}\u00a0\u00bb][\/et_pb_image][\/et_pb_column][\/et_pb_row][\/et_pb_section]<\/p>\n","protected":false},"excerpt":{"rendered":"<p>L&rsquo;ORGANISATION Hondarribia Kirol Taldea Hondarribia Kirol Taldea est une association \u00e0 caract\u00e8re sociale et sportive, cr\u00e9\u00e9e en 1985 et dont le but est de soutenir le sport eta la culture dans les alentours d\u2019 Hondarribia. Bas\u00e9es principalement sur le travail b\u00e9n\u00e9vole de ses adh\u00e9rents, Hondarribia Kirol Taldea, plus commun\u00e9ment connue sous le nom HKT, d\u00e9veloppe [&hellip;]<\/p>\n","protected":false},"author":1,"featured_media":0,"parent":953,"menu_order":30,"comment_status":"closed","ping_status":"closed","template":"","meta":{"_et_pb_use_builder":"on","_et_pb_old_content":"","_et_gb_content_width":"","inline_featured_image":false,"footnotes":""},"class_list":["post-959","page","type-page","status-publish","hentry"],"yoast_head":"<!-- This site is optimized with the Yoast SEO plugin v27.2 - https:\/\/yoast.com\/product\/yoast-seo-wordpress\/ -->\n<title>L&#039;organisation - Donibane Lohizune Hondarribia<\/title>\n<meta name=\"robots\" content=\"index, follow, max-snippet:-1, max-image-preview:large, max-video-preview:-1\" \/>\n<link rel=\"canonical\" href=\"https:\/\/www.donibane-hondarribia.com\/fr\/la-carrera\/lorganisation\/\" \/>\n<meta property=\"og:locale\" content=\"fr_FR\" \/>\n<meta property=\"og:type\" content=\"article\" \/>\n<meta property=\"og:title\" content=\"L&#039;organisation - Donibane Lohizune Hondarribia\" \/>\n<meta property=\"og:description\" content=\"L&#039;ORGANISATION Hondarribia Kirol Taldea Hondarribia Kirol Taldea est une association \u00e0 caract\u00e8re sociale et sportive, cr\u00e9\u00e9e en 1985 et dont le but est de soutenir le sport eta la culture dans les alentours d\u2019 Hondarribia. Bas\u00e9es principalement sur le travail b\u00e9n\u00e9vole de ses adh\u00e9rents, Hondarribia Kirol Taldea, plus commun\u00e9ment connue sous le nom HKT, d\u00e9veloppe [&hellip;]\" \/>\n<meta property=\"og:url\" content=\"https:\/\/www.donibane-hondarribia.com\/fr\/la-carrera\/lorganisation\/\" \/>\n<meta property=\"og:site_name\" content=\"Donibane Lohizune Hondarribia\" \/>\n<meta property=\"article:publisher\" content=\"https:\/\/es-es.facebook.com\/DonibaneHondarribia\/\" \/>\n<meta property=\"article:modified_time\" content=\"2025-02-20T19:04:13+00:00\" \/>\n<meta name=\"twitter:card\" content=\"summary_large_image\" \/>\n<meta name=\"twitter:site\" content=\"@dhondarribia\" \/>\n<meta name=\"twitter:label1\" content=\"Dur\u00e9e de lecture estim\u00e9e\" \/>\n\t<meta name=\"twitter:data1\" content=\"3 minutes\" \/>\n<script type=\"application\/ld+json\" class=\"yoast-schema-graph\">{\"@context\":\"https:\/\/schema.org\",\"@graph\":[{\"@type\":\"WebPage\",\"@id\":\"https:\/\/www.donibane-hondarribia.com\/fr\/la-carrera\/lorganisation\/\",\"url\":\"https:\/\/www.donibane-hondarribia.com\/fr\/la-carrera\/lorganisation\/\",\"name\":\"L'organisation - Donibane Lohizune Hondarribia\",\"isPartOf\":{\"@id\":\"https:\/\/www.donibane-hondarribia.com\/#website\"},\"datePublished\":\"2017-04-28T14:08:46+00:00\",\"dateModified\":\"2025-02-20T19:04:13+00:00\",\"breadcrumb\":{\"@id\":\"https:\/\/www.donibane-hondarribia.com\/fr\/la-carrera\/lorganisation\/#breadcrumb\"},\"inLanguage\":\"fr-FR\",\"potentialAction\":[{\"@type\":\"ReadAction\",\"target\":[\"https:\/\/www.donibane-hondarribia.com\/fr\/la-carrera\/lorganisation\/\"]}]},{\"@type\":\"BreadcrumbList\",\"@id\":\"https:\/\/www.donibane-hondarribia.com\/fr\/la-carrera\/lorganisation\/#breadcrumb\",\"itemListElement\":[{\"@type\":\"ListItem\",\"position\":1,\"name\":\"Portada\",\"item\":\"https:\/\/www.donibane-hondarribia.com\/fr\/\"},{\"@type\":\"ListItem\",\"position\":2,\"name\":\"La carrera\",\"item\":\"https:\/\/www.donibane-hondarribia.com\/fr\/?page_id=953\"},{\"@type\":\"ListItem\",\"position\":3,\"name\":\"L&#8217;organisation\"}]},{\"@type\":\"WebSite\",\"@id\":\"https:\/\/www.donibane-hondarribia.com\/#website\",\"url\":\"https:\/\/www.donibane-hondarribia.com\/\",\"name\":\"Donibane Lohizune Hondarribia\",\"description\":\"2024\/10\/27 10:00 - Media marat\u00f3n San Juan de Luz Hondarribia - Semi-Marathon Saint Jean de Luz hondarribia - Erdi maratoia Donibane Lohizune Hondarribia\",\"potentialAction\":[{\"@type\":\"SearchAction\",\"target\":{\"@type\":\"EntryPoint\",\"urlTemplate\":\"https:\/\/www.donibane-hondarribia.com\/?s={search_term_string}\"},\"query-input\":{\"@type\":\"PropertyValueSpecification\",\"valueRequired\":true,\"valueName\":\"search_term_string\"}}],\"inLanguage\":\"fr-FR\"}]}<\/script>\n<!-- \/ Yoast SEO plugin. -->","yoast_head_json":{"title":"L'organisation - Donibane Lohizune Hondarribia","robots":{"index":"index","follow":"follow","max-snippet":"max-snippet:-1","max-image-preview":"max-image-preview:large","max-video-preview":"max-video-preview:-1"},"canonical":"https:\/\/www.donibane-hondarribia.com\/fr\/la-carrera\/lorganisation\/","og_locale":"fr_FR","og_type":"article","og_title":"L'organisation - Donibane Lohizune Hondarribia","og_description":"L'ORGANISATION Hondarribia Kirol Taldea Hondarribia Kirol Taldea est une association \u00e0 caract\u00e8re sociale et sportive, cr\u00e9\u00e9e en 1985 et dont le but est de soutenir le sport eta la culture dans les alentours d\u2019 Hondarribia. Bas\u00e9es principalement sur le travail b\u00e9n\u00e9vole de ses adh\u00e9rents, Hondarribia Kirol Taldea, plus commun\u00e9ment connue sous le nom HKT, d\u00e9veloppe [&hellip;]","og_url":"https:\/\/www.donibane-hondarribia.com\/fr\/la-carrera\/lorganisation\/","og_site_name":"Donibane Lohizune Hondarribia","article_publisher":"https:\/\/es-es.facebook.com\/DonibaneHondarribia\/","article_modified_time":"2025-02-20T19:04:13+00:00","twitter_card":"summary_large_image","twitter_site":"@dhondarribia","twitter_misc":{"Dur\u00e9e de lecture estim\u00e9e":"3 minutes"},"schema":{"@context":"https:\/\/schema.org","@graph":[{"@type":"WebPage","@id":"https:\/\/www.donibane-hondarribia.com\/fr\/la-carrera\/lorganisation\/","url":"https:\/\/www.donibane-hondarribia.com\/fr\/la-carrera\/lorganisation\/","name":"L'organisation - Donibane Lohizune Hondarribia","isPartOf":{"@id":"https:\/\/www.donibane-hondarribia.com\/#website"},"datePublished":"2017-04-28T14:08:46+00:00","dateModified":"2025-02-20T19:04:13+00:00","breadcrumb":{"@id":"https:\/\/www.donibane-hondarribia.com\/fr\/la-carrera\/lorganisation\/#breadcrumb"},"inLanguage":"fr-FR","potentialAction":[{"@type":"ReadAction","target":["https:\/\/www.donibane-hondarribia.com\/fr\/la-carrera\/lorganisation\/"]}]},{"@type":"BreadcrumbList","@id":"https:\/\/www.donibane-hondarribia.com\/fr\/la-carrera\/lorganisation\/#breadcrumb","itemListElement":[{"@type":"ListItem","position":1,"name":"Portada","item":"https:\/\/www.donibane-hondarribia.com\/fr\/"},{"@type":"ListItem","position":2,"name":"La carrera","item":"https:\/\/www.donibane-hondarribia.com\/fr\/?page_id=953"},{"@type":"ListItem","position":3,"name":"L&#8217;organisation"}]},{"@type":"WebSite","@id":"https:\/\/www.donibane-hondarribia.com\/#website","url":"https:\/\/www.donibane-hondarribia.com\/","name":"Donibane Lohizune Hondarribia","description":"2024\/10\/27 10:00 - Media marat\u00f3n San Juan de Luz Hondarribia - Semi-Marathon Saint Jean de Luz hondarribia - Erdi maratoia Donibane Lohizune Hondarribia","potentialAction":[{"@type":"SearchAction","target":{"@type":"EntryPoint","urlTemplate":"https:\/\/www.donibane-hondarribia.com\/?s={search_term_string}"},"query-input":{"@type":"PropertyValueSpecification","valueRequired":true,"valueName":"search_term_string"}}],"inLanguage":"fr-FR"}]}},"_links":{"self":[{"href":"https:\/\/www.donibane-hondarribia.com\/fr\/wp-json\/wp\/v2\/pages\/959","targetHints":{"allow":["GET"]}}],"collection":[{"href":"https:\/\/www.donibane-hondarribia.com\/fr\/wp-json\/wp\/v2\/pages"}],"about":[{"href":"https:\/\/www.donibane-hondarribia.com\/fr\/wp-json\/wp\/v2\/types\/page"}],"author":[{"embeddable":true,"href":"https:\/\/www.donibane-hondarribia.com\/fr\/wp-json\/wp\/v2\/users\/1"}],"replies":[{"embeddable":true,"href":"https:\/\/www.donibane-hondarribia.com\/fr\/wp-json\/wp\/v2\/comments?post=959"}],"version-history":[{"count":3,"href":"https:\/\/www.donibane-hondarribia.com\/fr\/wp-json\/wp\/v2\/pages\/959\/revisions"}],"predecessor-version":[{"id":4968,"href":"https:\/\/www.donibane-hondarribia.com\/fr\/wp-json\/wp\/v2\/pages\/959\/revisions\/4968"}],"up":[{"embeddable":true,"href":"https:\/\/www.donibane-hondarribia.com\/fr\/wp-json\/wp\/v2\/pages\/953"}],"wp:attachment":[{"href":"https:\/\/www.donibane-hondarribia.com\/fr\/wp-json\/wp\/v2\/media?parent=959"}],"curies":[{"name":"wp","href":"https:\/\/api.w.org\/{rel}","templated":true}]}}