{"id":967,"date":"2017-04-28T16:10:54","date_gmt":"2017-04-28T14:10:54","guid":{"rendered":"https:\/\/donibane-hondarribia.com\/?page_id=967"},"modified":"2017-05-03T19:05:52","modified_gmt":"2017-05-03T17:05:52","slug":"paves-et-emotion","status":"publish","type":"page","link":"https:\/\/www.donibane-hondarribia.com\/fr\/le-parcour\/21km-a-detalle\/paves-et-emotion\/","title":{"rendered":"Pav\u00e9s et \u00e9motion"},"content":{"rendered":"<p>[et_pb_section fb_built=\u00a0\u00bb1&Prime; background_image=\u00a0\u00bbhttps:\/\/donibane-hondarribia.com\/wp-content\/uploads\/2017\/04\/donibane.jpg\u00a0\u00bb admin_label=\u00a0\u00bbSecci\u00f3n\u00a0\u00bb][\/et_pb_section][et_pb_section fb_built=\u00a0\u00bb1&Prime; transparent_background=\u00a0\u00bbon\u00a0\u00bb custom_padding=\u00a0\u00bb0px||0px|\u00a0\u00bb admin_label=\u00a0\u00bbsection\u00a0\u00bb][et_pb_row custom_padding=\u00a0\u00bb|20px|0px|20px\u00a0\u00bb background_color=\u00a0\u00bb#ffffff\u00a0\u00bb parallax_method_1=\u00a0\u00bboff\u00a0\u00bb admin_label=\u00a0\u00bbrow\u00a0\u00bb][et_pb_column type=\u00a0\u00bb4_4&Prime; parallax=\u00a0\u00bboff\u00a0\u00bb parallax_method=\u00a0\u00bboff\u00a0\u00bb][et_pb_text admin_label=\u00a0\u00bbLA CARRERA DONIBANE LOHIZUNE &#8211; HONDARRIBIA\u00a0\u00bb]<\/p>\n<h1>21KM AL DETALLE<\/h1>\n<p>[\/et_pb_text][\/et_pb_column][\/et_pb_row][et_pb_row custom_padding=\u00a0\u00bb|20px||20px\u00a0\u00bb background_color=\u00a0\u00bb#ffffff\u00a0\u00bb parallax_method_1=\u00a0\u00bboff\u00a0\u00bb parallax_method_2=\u00a0\u00bboff\u00a0\u00bb parallax_method_3=\u00a0\u00bboff\u00a0\u00bb module_class_1=\u00a0\u00bbmenu_detalle\u00a0\u00bb admin_label=\u00a0\u00bbFila\u00a0\u00bb][et_pb_column type=\u00a0\u00bb1_4&Prime; module_class=\u00a0\u00bbmenu_detalle\u00a0\u00bb parallax=\u00a0\u00bboff\u00a0\u00bb parallax_method=\u00a0\u00bboff\u00a0\u00bb][et_pb_image src=\u00a0\u00bbhttps:\/\/donibane-hondarribia.com\/wp-content\/uploads\/2017\/04\/salida_san_juan_luz.jpg\u00a0\u00bb url=\u00a0\u00bbhttps:\/\/donibane-hondarribia.com\/el-recorrido\/21km-a-detalle\/\u00a0\u00bb animation=\u00a0\u00bboff\u00a0\u00bb sticky=\u00a0\u00bbon\u00a0\u00bb admin_label=\u00a0\u00bbImagen\u00a0\u00bb][\/et_pb_image][et_pb_text admin_label=\u00a0\u00bbTexto\u00a0\u00bb]<\/p>\n<p><a href=\"https:\/\/donibane-hondarribia.com\/el-recorrido\/21km-a-detalle\/\">D\u00e9part et parcours urbain dans Saint Jean de Luz et Ciboure<\/a><\/p>\n<p>[\/et_pb_text][et_pb_image src=\u00a0\u00bbhttps:\/\/donibane-hondarribia.com\/wp-content\/uploads\/2017\/04\/la_corniche.jpg\u00a0\u00bb url=\u00a0\u00bbhttps:\/\/donibane-hondarribia.com\/el-recorrido\/21km-a-detalle\/la-corniche\/\u00a0\u00bb animation=\u00a0\u00bboff\u00a0\u00bb sticky=\u00a0\u00bbon\u00a0\u00bb admin_label=\u00a0\u00bbImagen\u00a0\u00bb][\/et_pb_image][et_pb_text admin_label=\u00a0\u00bbTexto\u00a0\u00bb]<\/p>\n<p><a href=\"https:\/\/donibane-hondarribia.com\/el-recorrido\/21km-a-detalle\/la-corniche\/\">La Corniche<\/a><\/p>\n<p>[\/et_pb_text][et_pb_image src=\u00a0\u00bbhttps:\/\/donibane-hondarribia.com\/wp-content\/uploads\/2017\/04\/adoquines.jpg\u00a0\u00bb animation=\u00a0\u00bboff\u00a0\u00bb sticky=\u00a0\u00bbon\u00a0\u00bb admin_label=\u00a0\u00bbImagen\u00a0\u00bb module_class=\u00a0\u00bbcolor\u00a0\u00bb][\/et_pb_image][et_pb_text admin_label=\u00a0\u00bbTexto\u00a0\u00bb]<\/p>\n<p>Pav&eacute;s et &eacute;motion dans la Cit&eacute; fortifi&eacute;e d&rsquo;Hondarribia<\/p>\n<p>[\/et_pb_text][et_pb_image src=\u00a0\u00bbhttps:\/\/donibane-hondarribia.com\/wp-content\/uploads\/2017\/04\/llegada_hondarribia.jpg\u00a0\u00bb url=\u00a0\u00bbhttps:\/\/donibane-hondarribia.com\/el-recorrido\/21km-a-detalle\/hondarribia-meta\/\u00a0\u00bb animation=\u00a0\u00bboff\u00a0\u00bb sticky=\u00a0\u00bbon\u00a0\u00bb admin_label=\u00a0\u00bbImagen\u00a0\u00bb][\/et_pb_image][et_pb_text admin_label=\u00a0\u00bbTexto\u00a0\u00bb]<\/p>\n<p><a href=\"https:\/\/donibane-hondarribia.com\/el-recorrido\/21km-a-detalle\/hondarribia-meta\/\">L\u2019arriv\u00e9e tant esp\u00e9r\u00e9e dans le quartier maritime de la ville<\/a><\/p>\n<p>[\/et_pb_text][\/et_pb_column][et_pb_column type=\u00a0\u00bb3_4&Prime; parallax=\u00a0\u00bboff\u00a0\u00bb parallax_method=\u00a0\u00bboff\u00a0\u00bb][et_pb_text admin_label=\u00a0\u00bbSalida y Recorrido urbano por San Juan de Luz\u00a0\u00bb]<\/p>\n<h2>Pav&eacute;s et &eacute;motion dans la Cit&eacute; fortifi&eacute;e d&rsquo;Hondarribia<\/h2>\n<\/p>\n<p>Il ne reste plus qu&rsquo;un kilom&egrave;tre pour terminer la course et nous arrivons sur une des portions les plus l&eacute;gendaires de la course : la tr&egrave;s redout&eacute;e mont&eacute;e en pav&eacute;s de la rue Kale Nagusia, &agrave; Hondarribia.<\/p>\n<\/p>\n<p>Un imposant garde en bronze, figure embl&eacute;matique de l&rsquo;histoire et de la culture de cette ville accueille les coureurs avant qu&rsquo;ils ne p&eacute;n&egrave;trent dans un univers m&eacute;di&eacute;val. Un d&eacute;cor de maisons centenaires orn&eacute;es de blasons , sublim&eacute; par cette rue faite de pav&eacute;s irr&eacute;guliers o&ugrave; le public vient nombreux pour supporter tous les coureurs.<\/p>\n<\/p>\n<p><img loading=\"lazy\" decoding=\"async\" class=\"alignnone size-full wp-image-375\" src=\"https:\/\/donibane-hondarribia.com\/wp-content\/uploads\/2017\/04\/hondarribia_hachero.jpg\" alt=\"\" width=\"750\" height=\"450\" srcset=\"https:\/\/www.donibane-hondarribia.com\/wp-content\/uploads\/2017\/04\/hondarribia_hachero.jpg 750w, https:\/\/www.donibane-hondarribia.com\/wp-content\/uploads\/2017\/04\/hondarribia_hachero-300x180.jpg 300w\" sizes=\"(max-width: 750px) 100vw, 750px\" \/><\/p>\n<\/p>\n<p>Cette ambiance redonne force mentale et courage aux coureurs et leur apporte ce petit plus qui permet de terminer avec le sourire cette derni&egrave;re portion avant l&rsquo;arriv&eacute;e.<\/p>\n<\/p>\n<p><img loading=\"lazy\" decoding=\"async\" class=\"aligncenter wp-image-1165 size-full\" src=\"https:\/\/donibane-hondarribia.com\/wp-content\/uploads\/2017\/04\/1014.jpg\" alt=\"\" width=\"900\" height=\"600\" srcset=\"https:\/\/www.donibane-hondarribia.com\/wp-content\/uploads\/2017\/04\/1014.jpg 900w, https:\/\/www.donibane-hondarribia.com\/wp-content\/uploads\/2017\/04\/1014-300x200.jpg 300w, https:\/\/www.donibane-hondarribia.com\/wp-content\/uploads\/2017\/04\/1014-768x512.jpg 768w\" sizes=\"(max-width: 900px) 100vw, 900px\" \/><\/p>\n<p>[\/et_pb_text][\/et_pb_column][\/et_pb_row][et_pb_row custom_padding=\u00a0\u00bb0px|0px|0px|0px\u00a0\u00bb custom_margin=\u00a0\u00bb0px||0px|\u00a0\u00bb background_color=\u00a0\u00bb#ffffff\u00a0\u00bb parallax_method_1=\u00a0\u00bboff\u00a0\u00bb admin_label=\u00a0\u00bbFila\u00a0\u00bb][et_pb_column type=\u00a0\u00bb4_4&Prime; parallax=\u00a0\u00bboff\u00a0\u00bb parallax_method=\u00a0\u00bboff\u00a0\u00bb][et_pb_text admin_label=\u00a0\u00bbTexto\u00a0\u00bb][\/et_pb_text][et_pb_image src=\u00a0\u00bbhttps:\/\/donibane-hondarribia.com\/wp-content\/uploads\/2017\/04\/tira-de-patrocinadores.jpg\u00a0\u00bb animation=\u00a0\u00bboff\u00a0\u00bb sticky=\u00a0\u00bbon\u00a0\u00bb admin_label=\u00a0\u00bbImagen\u00a0\u00bb custom_margin=\u00a0\u00bb0px||0px|\u00a0\u00bb][\/et_pb_image][\/et_pb_column][\/et_pb_row][\/et_pb_section]<\/p>\n","protected":false},"excerpt":{"rendered":"<p>21KM AL DETALLE D\u00e9part et parcours urbain dans Saint Jean de Luz et Ciboure La Corniche Pav&eacute;s et &eacute;motion dans la Cit&eacute; fortifi&eacute;e d&rsquo;Hondarribia L\u2019arriv\u00e9e tant esp\u00e9r\u00e9e dans le quartier maritime de la ville Pav&eacute;s et &eacute;motion dans la Cit&eacute; fortifi&eacute;e d&rsquo;Hondarribia Il ne reste plus qu&rsquo;un kilom&egrave;tre pour terminer la course et nous arrivons [&hellip;]<\/p>\n","protected":false},"author":1,"featured_media":0,"parent":963,"menu_order":40,"comment_status":"closed","ping_status":"closed","template":"","meta":{"_et_pb_use_builder":"on","_et_pb_old_content":"","_et_gb_content_width":"","inline_featured_image":false,"footnotes":""},"class_list":["post-967","page","type-page","status-publish","hentry"],"yoast_head":"<!-- This site is optimized with the Yoast SEO plugin v27.2 - https:\/\/yoast.com\/product\/yoast-seo-wordpress\/ -->\n<title>Pav\u00e9s et \u00e9motion - Donibane Lohizune Hondarribia<\/title>\n<meta name=\"robots\" content=\"index, follow, max-snippet:-1, max-image-preview:large, max-video-preview:-1\" \/>\n<link rel=\"canonical\" href=\"https:\/\/www.donibane-hondarribia.com\/fr\/le-parcour\/21km-a-detalle\/paves-et-emotion\/\" \/>\n<meta property=\"og:locale\" content=\"fr_FR\" \/>\n<meta property=\"og:type\" content=\"article\" \/>\n<meta property=\"og:title\" content=\"Pav\u00e9s et \u00e9motion - Donibane Lohizune Hondarribia\" \/>\n<meta property=\"og:description\" content=\"21KM AL DETALLE D\u00e9part et parcours urbain dans Saint Jean de Luz et Ciboure La Corniche Pav&eacute;s et &eacute;motion dans la Cit&eacute; fortifi&eacute;e d&rsquo;Hondarribia L\u2019arriv\u00e9e tant esp\u00e9r\u00e9e dans le quartier maritime de la ville Pav&eacute;s et &eacute;motion dans la Cit&eacute; fortifi&eacute;e d&rsquo;Hondarribia Il ne reste plus qu&rsquo;un kilom&egrave;tre pour terminer la course et nous arrivons [&hellip;]\" \/>\n<meta property=\"og:url\" content=\"https:\/\/www.donibane-hondarribia.com\/fr\/le-parcour\/21km-a-detalle\/paves-et-emotion\/\" \/>\n<meta property=\"og:site_name\" content=\"Donibane Lohizune Hondarribia\" \/>\n<meta property=\"article:publisher\" content=\"https:\/\/es-es.facebook.com\/DonibaneHondarribia\/\" \/>\n<meta property=\"article:modified_time\" content=\"2017-05-03T17:05:52+00:00\" \/>\n<meta property=\"og:image\" content=\"https:\/\/donibane-hondarribia.com\/wp-content\/uploads\/2017\/04\/hondarribia_hachero.jpg\" \/>\n<meta name=\"twitter:card\" content=\"summary_large_image\" \/>\n<meta name=\"twitter:site\" content=\"@dhondarribia\" \/>\n<meta name=\"twitter:label1\" content=\"Dur\u00e9e de lecture estim\u00e9e\" \/>\n\t<meta name=\"twitter:data1\" content=\"3 minutes\" \/>\n<script type=\"application\/ld+json\" class=\"yoast-schema-graph\">{\"@context\":\"https:\/\/schema.org\",\"@graph\":[{\"@type\":\"WebPage\",\"@id\":\"https:\/\/www.donibane-hondarribia.com\/fr\/le-parcour\/21km-a-detalle\/paves-et-emotion\/\",\"url\":\"https:\/\/www.donibane-hondarribia.com\/fr\/le-parcour\/21km-a-detalle\/paves-et-emotion\/\",\"name\":\"Pav\u00e9s et \u00e9motion - Donibane Lohizune Hondarribia\",\"isPartOf\":{\"@id\":\"https:\/\/www.donibane-hondarribia.com\/#website\"},\"primaryImageOfPage\":{\"@id\":\"https:\/\/www.donibane-hondarribia.com\/fr\/le-parcour\/21km-a-detalle\/paves-et-emotion\/#primaryimage\"},\"image\":{\"@id\":\"https:\/\/www.donibane-hondarribia.com\/fr\/le-parcour\/21km-a-detalle\/paves-et-emotion\/#primaryimage\"},\"thumbnailUrl\":\"https:\/\/donibane-hondarribia.com\/wp-content\/uploads\/2017\/04\/hondarribia_hachero.jpg\",\"datePublished\":\"2017-04-28T14:10:54+00:00\",\"dateModified\":\"2017-05-03T17:05:52+00:00\",\"breadcrumb\":{\"@id\":\"https:\/\/www.donibane-hondarribia.com\/fr\/le-parcour\/21km-a-detalle\/paves-et-emotion\/#breadcrumb\"},\"inLanguage\":\"fr-FR\",\"potentialAction\":[{\"@type\":\"ReadAction\",\"target\":[\"https:\/\/www.donibane-hondarribia.com\/fr\/le-parcour\/21km-a-detalle\/paves-et-emotion\/\"]}]},{\"@type\":\"ImageObject\",\"inLanguage\":\"fr-FR\",\"@id\":\"https:\/\/www.donibane-hondarribia.com\/fr\/le-parcour\/21km-a-detalle\/paves-et-emotion\/#primaryimage\",\"url\":\"https:\/\/donibane-hondarribia.com\/wp-content\/uploads\/2017\/04\/hondarribia_hachero.jpg\",\"contentUrl\":\"https:\/\/donibane-hondarribia.com\/wp-content\/uploads\/2017\/04\/hondarribia_hachero.jpg\"},{\"@type\":\"BreadcrumbList\",\"@id\":\"https:\/\/www.donibane-hondarribia.com\/fr\/le-parcour\/21km-a-detalle\/paves-et-emotion\/#breadcrumb\",\"itemListElement\":[{\"@type\":\"ListItem\",\"position\":1,\"name\":\"Portada\",\"item\":\"https:\/\/www.donibane-hondarribia.com\/fr\/\"},{\"@type\":\"ListItem\",\"position\":2,\"name\":\"Le parcour\",\"item\":\"https:\/\/www.donibane-hondarribia.com\/fr\/le-parcour\/\"},{\"@type\":\"ListItem\",\"position\":3,\"name\":\"21.1km en d\u00e9tails\",\"item\":\"https:\/\/www.donibane-hondarribia.com\/fr\/le-parcour\/21km-a-detalle\/\"},{\"@type\":\"ListItem\",\"position\":4,\"name\":\"Pav\u00e9s et \u00e9motion\"}]},{\"@type\":\"WebSite\",\"@id\":\"https:\/\/www.donibane-hondarribia.com\/#website\",\"url\":\"https:\/\/www.donibane-hondarribia.com\/\",\"name\":\"Donibane Lohizune Hondarribia\",\"description\":\"2024\/10\/27 10:00 - Media marat\u00f3n San Juan de Luz Hondarribia - Semi-Marathon Saint Jean de Luz hondarribia - Erdi maratoia Donibane Lohizune Hondarribia\",\"potentialAction\":[{\"@type\":\"SearchAction\",\"target\":{\"@type\":\"EntryPoint\",\"urlTemplate\":\"https:\/\/www.donibane-hondarribia.com\/?s={search_term_string}\"},\"query-input\":{\"@type\":\"PropertyValueSpecification\",\"valueRequired\":true,\"valueName\":\"search_term_string\"}}],\"inLanguage\":\"fr-FR\"}]}<\/script>\n<!-- \/ Yoast SEO plugin. -->","yoast_head_json":{"title":"Pav\u00e9s et \u00e9motion - Donibane Lohizune Hondarribia","robots":{"index":"index","follow":"follow","max-snippet":"max-snippet:-1","max-image-preview":"max-image-preview:large","max-video-preview":"max-video-preview:-1"},"canonical":"https:\/\/www.donibane-hondarribia.com\/fr\/le-parcour\/21km-a-detalle\/paves-et-emotion\/","og_locale":"fr_FR","og_type":"article","og_title":"Pav\u00e9s et \u00e9motion - Donibane Lohizune Hondarribia","og_description":"21KM AL DETALLE D\u00e9part et parcours urbain dans Saint Jean de Luz et Ciboure La Corniche Pav&eacute;s et &eacute;motion dans la Cit&eacute; fortifi&eacute;e d&rsquo;Hondarribia L\u2019arriv\u00e9e tant esp\u00e9r\u00e9e dans le quartier maritime de la ville Pav&eacute;s et &eacute;motion dans la Cit&eacute; fortifi&eacute;e d&rsquo;Hondarribia Il ne reste plus qu&rsquo;un kilom&egrave;tre pour terminer la course et nous arrivons [&hellip;]","og_url":"https:\/\/www.donibane-hondarribia.com\/fr\/le-parcour\/21km-a-detalle\/paves-et-emotion\/","og_site_name":"Donibane Lohizune Hondarribia","article_publisher":"https:\/\/es-es.facebook.com\/DonibaneHondarribia\/","article_modified_time":"2017-05-03T17:05:52+00:00","og_image":[{"url":"https:\/\/donibane-hondarribia.com\/wp-content\/uploads\/2017\/04\/hondarribia_hachero.jpg","type":"","width":"","height":""}],"twitter_card":"summary_large_image","twitter_site":"@dhondarribia","twitter_misc":{"Dur\u00e9e de lecture estim\u00e9e":"3 minutes"},"schema":{"@context":"https:\/\/schema.org","@graph":[{"@type":"WebPage","@id":"https:\/\/www.donibane-hondarribia.com\/fr\/le-parcour\/21km-a-detalle\/paves-et-emotion\/","url":"https:\/\/www.donibane-hondarribia.com\/fr\/le-parcour\/21km-a-detalle\/paves-et-emotion\/","name":"Pav\u00e9s et \u00e9motion - Donibane Lohizune Hondarribia","isPartOf":{"@id":"https:\/\/www.donibane-hondarribia.com\/#website"},"primaryImageOfPage":{"@id":"https:\/\/www.donibane-hondarribia.com\/fr\/le-parcour\/21km-a-detalle\/paves-et-emotion\/#primaryimage"},"image":{"@id":"https:\/\/www.donibane-hondarribia.com\/fr\/le-parcour\/21km-a-detalle\/paves-et-emotion\/#primaryimage"},"thumbnailUrl":"https:\/\/donibane-hondarribia.com\/wp-content\/uploads\/2017\/04\/hondarribia_hachero.jpg","datePublished":"2017-04-28T14:10:54+00:00","dateModified":"2017-05-03T17:05:52+00:00","breadcrumb":{"@id":"https:\/\/www.donibane-hondarribia.com\/fr\/le-parcour\/21km-a-detalle\/paves-et-emotion\/#breadcrumb"},"inLanguage":"fr-FR","potentialAction":[{"@type":"ReadAction","target":["https:\/\/www.donibane-hondarribia.com\/fr\/le-parcour\/21km-a-detalle\/paves-et-emotion\/"]}]},{"@type":"ImageObject","inLanguage":"fr-FR","@id":"https:\/\/www.donibane-hondarribia.com\/fr\/le-parcour\/21km-a-detalle\/paves-et-emotion\/#primaryimage","url":"https:\/\/donibane-hondarribia.com\/wp-content\/uploads\/2017\/04\/hondarribia_hachero.jpg","contentUrl":"https:\/\/donibane-hondarribia.com\/wp-content\/uploads\/2017\/04\/hondarribia_hachero.jpg"},{"@type":"BreadcrumbList","@id":"https:\/\/www.donibane-hondarribia.com\/fr\/le-parcour\/21km-a-detalle\/paves-et-emotion\/#breadcrumb","itemListElement":[{"@type":"ListItem","position":1,"name":"Portada","item":"https:\/\/www.donibane-hondarribia.com\/fr\/"},{"@type":"ListItem","position":2,"name":"Le parcour","item":"https:\/\/www.donibane-hondarribia.com\/fr\/le-parcour\/"},{"@type":"ListItem","position":3,"name":"21.1km en d\u00e9tails","item":"https:\/\/www.donibane-hondarribia.com\/fr\/le-parcour\/21km-a-detalle\/"},{"@type":"ListItem","position":4,"name":"Pav\u00e9s et \u00e9motion"}]},{"@type":"WebSite","@id":"https:\/\/www.donibane-hondarribia.com\/#website","url":"https:\/\/www.donibane-hondarribia.com\/","name":"Donibane Lohizune Hondarribia","description":"2024\/10\/27 10:00 - Media marat\u00f3n San Juan de Luz Hondarribia - Semi-Marathon Saint Jean de Luz hondarribia - Erdi maratoia Donibane Lohizune Hondarribia","potentialAction":[{"@type":"SearchAction","target":{"@type":"EntryPoint","urlTemplate":"https:\/\/www.donibane-hondarribia.com\/?s={search_term_string}"},"query-input":{"@type":"PropertyValueSpecification","valueRequired":true,"valueName":"search_term_string"}}],"inLanguage":"fr-FR"}]}},"_links":{"self":[{"href":"https:\/\/www.donibane-hondarribia.com\/fr\/wp-json\/wp\/v2\/pages\/967","targetHints":{"allow":["GET"]}}],"collection":[{"href":"https:\/\/www.donibane-hondarribia.com\/fr\/wp-json\/wp\/v2\/pages"}],"about":[{"href":"https:\/\/www.donibane-hondarribia.com\/fr\/wp-json\/wp\/v2\/types\/page"}],"author":[{"embeddable":true,"href":"https:\/\/www.donibane-hondarribia.com\/fr\/wp-json\/wp\/v2\/users\/1"}],"replies":[{"embeddable":true,"href":"https:\/\/www.donibane-hondarribia.com\/fr\/wp-json\/wp\/v2\/comments?post=967"}],"version-history":[{"count":0,"href":"https:\/\/www.donibane-hondarribia.com\/fr\/wp-json\/wp\/v2\/pages\/967\/revisions"}],"up":[{"embeddable":true,"href":"https:\/\/www.donibane-hondarribia.com\/fr\/wp-json\/wp\/v2\/pages\/963"}],"wp:attachment":[{"href":"https:\/\/www.donibane-hondarribia.com\/fr\/wp-json\/wp\/v2\/media?parent=967"}],"curies":[{"name":"wp","href":"https:\/\/api.w.org\/{rel}","templated":true}]}}