{"id":971,"date":"2017-04-28T16:12:10","date_gmt":"2017-04-28T14:12:10","guid":{"rendered":"https:\/\/donibane-hondarribia.com\/?page_id=971"},"modified":"2017-04-30T13:33:43","modified_gmt":"2017-04-30T11:33:43","slug":"hondarribia-arrivee","status":"publish","type":"page","link":"https:\/\/www.donibane-hondarribia.com\/fr\/le-parcour\/21km-a-detalle\/hondarribia-arrivee\/","title":{"rendered":"Arriv\u00e9e"},"content":{"rendered":"<p>[et_pb_section bb_built=\u00a0\u00bb1&Prime; admin_label=\u00a0\u00bbSecci\u00f3n\u00a0\u00bb background_image=\u00a0\u00bbhttps:\/\/donibane-hondarribia.com\/wp-content\/uploads\/2017\/04\/donibane.jpg\u00a0\u00bb][\/et_pb_section][et_pb_section bb_built=\u00a0\u00bb1&Prime; admin_label=\u00a0\u00bbsection\u00a0\u00bb transparent_background=\u00a0\u00bbon\u00a0\u00bb custom_padding=\u00a0\u00bb0px||0px|\u00a0\u00bb][et_pb_row admin_label=\u00a0\u00bbrow\u00a0\u00bb custom_padding=\u00a0\u00bb|20px|0px|20px\u00a0\u00bb background_color=\u00a0\u00bb#ffffff\u00a0\u00bb parallax_method_1=\u00a0\u00bboff\u00a0\u00bb][et_pb_column type=\u00a0\u00bb4_4&Prime;][et_pb_text admin_label=\u00a0\u00bbLA CARRERA DONIBANE LOHIZUNE &#8211; HONDARRIBIA\u00a0\u00bb]<\/p>\n<h1>Parcours de 21 kilom&egrave;tres d&eacute;taill&eacute;<\/h1>\n<p>[\/et_pb_text][\/et_pb_column][\/et_pb_row][et_pb_row admin_label=\u00a0\u00bbFila\u00a0\u00bb custom_padding=\u00a0\u00bb|20px||20px\u00a0\u00bb background_color=\u00a0\u00bb#ffffff\u00a0\u00bb parallax_method_1=\u00a0\u00bboff\u00a0\u00bb parallax_method_2=\u00a0\u00bboff\u00a0\u00bb parallax_method_3=\u00a0\u00bboff\u00a0\u00bb module_class_1=\u00a0\u00bbmenu_detalle\u00a0\u00bb][et_pb_column type=\u00a0\u00bb1_4&Prime;][et_pb_image admin_label=\u00a0\u00bbImagen\u00a0\u00bb src=\u00a0\u00bbhttps:\/\/donibane-hondarribia.com\/wp-content\/uploads\/2017\/04\/salida_san_juan_luz.jpg\u00a0\u00bb url=\u00a0\u00bbhttps:\/\/donibane-hondarribia.com\/el-recorrido\/21km-a-detalle\/\u00a0\u00bb animation=\u00a0\u00bboff\u00a0\u00bb sticky=\u00a0\u00bbon\u00a0\u00bb \/][et_pb_text admin_label=\u00a0\u00bbTexto\u00a0\u00bb]<\/p>\n<p><a href=\"https:\/\/donibane-hondarribia.com\/el-recorrido\/21km-a-detalle\/\">D\u00e9part et parcours urbain dans Saint Jean de Luz et Ciboure<\/a><\/p>\n<p>[\/et_pb_text][et_pb_image admin_label=\u00a0\u00bbImagen\u00a0\u00bb src=\u00a0\u00bbhttps:\/\/donibane-hondarribia.com\/wp-content\/uploads\/2017\/04\/la_corniche.jpg\u00a0\u00bb url=\u00a0\u00bbhttps:\/\/donibane-hondarribia.com\/el-recorrido\/21km-a-detalle\/la-corniche\/\u00a0\u00bb animation=\u00a0\u00bboff\u00a0\u00bb sticky=\u00a0\u00bbon\u00a0\u00bb \/][et_pb_text admin_label=\u00a0\u00bbTexto\u00a0\u00bb]<\/p>\n<p><a href=\"https:\/\/donibane-hondarribia.com\/el-recorrido\/21km-a-detalle\/la-corniche\/\">La Corniche<\/a><\/p>\n<p>[\/et_pb_text][et_pb_image admin_label=\u00a0\u00bbImagen\u00a0\u00bb src=\u00a0\u00bbhttps:\/\/donibane-hondarribia.com\/wp-content\/uploads\/2017\/04\/adoquines.jpg\u00a0\u00bb url=\u00a0\u00bbhttps:\/\/donibane-hondarribia.com\/el-recorrido\/21km-a-detalle\/hondarribia-adoquines\/\u00a0\u00bb animation=\u00a0\u00bboff\u00a0\u00bb sticky=\u00a0\u00bbon\u00a0\u00bb \/][et_pb_text admin_label=\u00a0\u00bbTexto\u00a0\u00bb]<\/p>\n<p><a href=\"https:\/\/donibane-hondarribia.com\/el-recorrido\/21km-a-detalle\/hondarribia-adoquines\/\" target=\"_blank\">Pav\u00e9s et \u00e9motion dans la Cit\u00e9 fortifi\u00e9e d\u2019Hondarribia <\/a><\/p>\n<p>[\/et_pb_text][et_pb_image admin_label=\u00a0\u00bbImagen\u00a0\u00bb src=\u00a0\u00bbhttps:\/\/donibane-hondarribia.com\/wp-content\/uploads\/2017\/04\/llegada_hondarribia.jpg\u00a0\u00bb animation=\u00a0\u00bboff\u00a0\u00bb sticky=\u00a0\u00bbon\u00a0\u00bb module_class=\u00a0\u00bbcolor\u00a0\u00bb \/][et_pb_text admin_label=\u00a0\u00bbTexto\u00a0\u00bb]<\/p>\n<p>L\u2019arriv\u00e9e tant esp\u00e9r\u00e9e dans le quartier maritime de la ville<\/p>\n<p>[\/et_pb_text][\/et_pb_column][et_pb_column type=\u00a0\u00bb3_4&Prime;][et_pb_text admin_label=\u00a0\u00bbHondarriiba meta\u00a0\u00bb]<\/p>\n<h2>L\u2019arriv\u00e9e tant esp\u00e9r\u00e9e dans le quartier maritime de la ville<\/h2>\n<p>Apr\u00e8s avoir pass\u00e9 la cit\u00e9 fortifi\u00e9e, les coureurs p\u00e9n\u00e8trent dans le quartier maritime d\u2019Hondarribia. Des anciennes maisons de p\u00eacheurs avec des couleurs vives accompagnent les coureurs jusqu\u2019\u00e0 l\u2019arriv\u00e9e tant souhait\u00e9e, avec un public toujours aussi nombreux qui permet d\u2019achever ces derniers m\u00e8tres presque sans efforts.<\/p>\n<p>[\/et_pb_text][et_pb_image admin_label=\u00a0\u00bbImagen\u00a0\u00bb src=\u00a0\u00bbhttps:\/\/donibane-hondarribia.com\/wp-content\/uploads\/2017\/04\/1109.jpg\u00a0\u00bb animation=\u00a0\u00bbfade_in\u00a0\u00bb \/][et_pb_image admin_label=\u00a0\u00bbImagen\u00a0\u00bb src=\u00a0\u00bbhttps:\/\/donibane-hondarribia.com\/wp-content\/uploads\/2017\/04\/hondarribia_meta.jpg\u00a0\u00bb animation=\u00a0\u00bbfade_in\u00a0\u00bb \/][\/et_pb_column][\/et_pb_row][et_pb_row admin_label=\u00a0\u00bbFila\u00a0\u00bb custom_padding=\u00a0\u00bb0px|0px|0px|0px\u00a0\u00bb custom_margin=\u00a0\u00bb0px||0px|\u00a0\u00bb background_color=\u00a0\u00bb#ffffff\u00a0\u00bb parallax_method_1=\u00a0\u00bboff\u00a0\u00bb][et_pb_column type=\u00a0\u00bb4_4&Prime;][et_pb_text admin_label=\u00a0\u00bbTexto\u00a0\u00bb \/][et_pb_image admin_label=\u00a0\u00bbImagen\u00a0\u00bb src=\u00a0\u00bbhttps:\/\/donibane-hondarribia.com\/wp-content\/uploads\/2017\/04\/tira-de-patrocinadores.jpg\u00a0\u00bb animation=\u00a0\u00bboff\u00a0\u00bb sticky=\u00a0\u00bbon\u00a0\u00bb custom_margin=\u00a0\u00bb0px||0px|\u00a0\u00bb \/][\/et_pb_column][\/et_pb_row][\/et_pb_section]<\/p>\n","protected":false},"excerpt":{"rendered":"<p>Parcours de 21 kilom&egrave;tres d&eacute;taill&eacute; D\u00e9part et parcours urbain dans Saint Jean de Luz et Ciboure La Corniche Pav\u00e9s et \u00e9motion dans la Cit\u00e9 fortifi\u00e9e d\u2019Hondarribia L\u2019arriv\u00e9e tant esp\u00e9r\u00e9e dans le quartier maritime de la ville L\u2019arriv\u00e9e tant esp\u00e9r\u00e9e dans le quartier maritime de la ville Apr\u00e8s avoir pass\u00e9 la cit\u00e9 fortifi\u00e9e, les coureurs p\u00e9n\u00e8trent [&hellip;]<\/p>\n","protected":false},"author":1,"featured_media":0,"parent":963,"menu_order":40,"comment_status":"closed","ping_status":"closed","template":"","meta":{"_et_pb_use_builder":"on","_et_pb_old_content":"","_et_gb_content_width":"","inline_featured_image":false,"footnotes":""},"class_list":["post-971","page","type-page","status-publish","hentry"],"yoast_head":"<!-- This site is optimized with the Yoast SEO plugin v27.2 - https:\/\/yoast.com\/product\/yoast-seo-wordpress\/ -->\n<title>Arriv\u00e9e - Donibane Lohizune Hondarribia<\/title>\n<meta name=\"robots\" content=\"index, follow, max-snippet:-1, max-image-preview:large, max-video-preview:-1\" \/>\n<link rel=\"canonical\" href=\"https:\/\/www.donibane-hondarribia.com\/fr\/le-parcour\/21km-a-detalle\/hondarribia-arrivee\/\" \/>\n<meta property=\"og:locale\" content=\"fr_FR\" \/>\n<meta property=\"og:type\" content=\"article\" \/>\n<meta property=\"og:title\" content=\"Arriv\u00e9e - Donibane Lohizune Hondarribia\" \/>\n<meta property=\"og:description\" content=\"Parcours de 21 kilom&egrave;tres d&eacute;taill&eacute; D\u00e9part et parcours urbain dans Saint Jean de Luz et Ciboure La Corniche Pav\u00e9s et \u00e9motion dans la Cit\u00e9 fortifi\u00e9e d\u2019Hondarribia L\u2019arriv\u00e9e tant esp\u00e9r\u00e9e dans le quartier maritime de la ville L\u2019arriv\u00e9e tant esp\u00e9r\u00e9e dans le quartier maritime de la ville Apr\u00e8s avoir pass\u00e9 la cit\u00e9 fortifi\u00e9e, les coureurs p\u00e9n\u00e8trent [&hellip;]\" \/>\n<meta property=\"og:url\" content=\"https:\/\/www.donibane-hondarribia.com\/fr\/le-parcour\/21km-a-detalle\/hondarribia-arrivee\/\" \/>\n<meta property=\"og:site_name\" content=\"Donibane Lohizune Hondarribia\" \/>\n<meta property=\"article:publisher\" content=\"https:\/\/es-es.facebook.com\/DonibaneHondarribia\/\" \/>\n<meta property=\"article:modified_time\" content=\"2017-04-30T11:33:43+00:00\" \/>\n<meta name=\"twitter:card\" content=\"summary_large_image\" \/>\n<meta name=\"twitter:site\" content=\"@dhondarribia\" \/>\n<meta name=\"twitter:label1\" content=\"Dur\u00e9e de lecture estim\u00e9e\" \/>\n\t<meta name=\"twitter:data1\" content=\"2 minutes\" \/>\n<script type=\"application\/ld+json\" class=\"yoast-schema-graph\">{\"@context\":\"https:\/\/schema.org\",\"@graph\":[{\"@type\":\"WebPage\",\"@id\":\"https:\/\/www.donibane-hondarribia.com\/fr\/le-parcour\/21km-a-detalle\/hondarribia-arrivee\/\",\"url\":\"https:\/\/www.donibane-hondarribia.com\/fr\/le-parcour\/21km-a-detalle\/hondarribia-arrivee\/\",\"name\":\"Arriv\u00e9e - Donibane Lohizune Hondarribia\",\"isPartOf\":{\"@id\":\"https:\/\/www.donibane-hondarribia.com\/#website\"},\"datePublished\":\"2017-04-28T14:12:10+00:00\",\"dateModified\":\"2017-04-30T11:33:43+00:00\",\"breadcrumb\":{\"@id\":\"https:\/\/www.donibane-hondarribia.com\/fr\/le-parcour\/21km-a-detalle\/hondarribia-arrivee\/#breadcrumb\"},\"inLanguage\":\"fr-FR\",\"potentialAction\":[{\"@type\":\"ReadAction\",\"target\":[\"https:\/\/www.donibane-hondarribia.com\/fr\/le-parcour\/21km-a-detalle\/hondarribia-arrivee\/\"]}]},{\"@type\":\"BreadcrumbList\",\"@id\":\"https:\/\/www.donibane-hondarribia.com\/fr\/le-parcour\/21km-a-detalle\/hondarribia-arrivee\/#breadcrumb\",\"itemListElement\":[{\"@type\":\"ListItem\",\"position\":1,\"name\":\"Portada\",\"item\":\"https:\/\/www.donibane-hondarribia.com\/fr\/\"},{\"@type\":\"ListItem\",\"position\":2,\"name\":\"Le parcour\",\"item\":\"https:\/\/www.donibane-hondarribia.com\/fr\/le-parcour\/\"},{\"@type\":\"ListItem\",\"position\":3,\"name\":\"21.1km en d\u00e9tails\",\"item\":\"https:\/\/www.donibane-hondarribia.com\/fr\/le-parcour\/21km-a-detalle\/\"},{\"@type\":\"ListItem\",\"position\":4,\"name\":\"Arriv\u00e9e\"}]},{\"@type\":\"WebSite\",\"@id\":\"https:\/\/www.donibane-hondarribia.com\/#website\",\"url\":\"https:\/\/www.donibane-hondarribia.com\/\",\"name\":\"Donibane Lohizune Hondarribia\",\"description\":\"2024\/10\/27 10:00 - Media marat\u00f3n San Juan de Luz Hondarribia - Semi-Marathon Saint Jean de Luz hondarribia - Erdi maratoia Donibane Lohizune Hondarribia\",\"potentialAction\":[{\"@type\":\"SearchAction\",\"target\":{\"@type\":\"EntryPoint\",\"urlTemplate\":\"https:\/\/www.donibane-hondarribia.com\/?s={search_term_string}\"},\"query-input\":{\"@type\":\"PropertyValueSpecification\",\"valueRequired\":true,\"valueName\":\"search_term_string\"}}],\"inLanguage\":\"fr-FR\"}]}<\/script>\n<!-- \/ Yoast SEO plugin. -->","yoast_head_json":{"title":"Arriv\u00e9e - Donibane Lohizune Hondarribia","robots":{"index":"index","follow":"follow","max-snippet":"max-snippet:-1","max-image-preview":"max-image-preview:large","max-video-preview":"max-video-preview:-1"},"canonical":"https:\/\/www.donibane-hondarribia.com\/fr\/le-parcour\/21km-a-detalle\/hondarribia-arrivee\/","og_locale":"fr_FR","og_type":"article","og_title":"Arriv\u00e9e - Donibane Lohizune Hondarribia","og_description":"Parcours de 21 kilom&egrave;tres d&eacute;taill&eacute; D\u00e9part et parcours urbain dans Saint Jean de Luz et Ciboure La Corniche Pav\u00e9s et \u00e9motion dans la Cit\u00e9 fortifi\u00e9e d\u2019Hondarribia L\u2019arriv\u00e9e tant esp\u00e9r\u00e9e dans le quartier maritime de la ville L\u2019arriv\u00e9e tant esp\u00e9r\u00e9e dans le quartier maritime de la ville Apr\u00e8s avoir pass\u00e9 la cit\u00e9 fortifi\u00e9e, les coureurs p\u00e9n\u00e8trent [&hellip;]","og_url":"https:\/\/www.donibane-hondarribia.com\/fr\/le-parcour\/21km-a-detalle\/hondarribia-arrivee\/","og_site_name":"Donibane Lohizune Hondarribia","article_publisher":"https:\/\/es-es.facebook.com\/DonibaneHondarribia\/","article_modified_time":"2017-04-30T11:33:43+00:00","twitter_card":"summary_large_image","twitter_site":"@dhondarribia","twitter_misc":{"Dur\u00e9e de lecture estim\u00e9e":"2 minutes"},"schema":{"@context":"https:\/\/schema.org","@graph":[{"@type":"WebPage","@id":"https:\/\/www.donibane-hondarribia.com\/fr\/le-parcour\/21km-a-detalle\/hondarribia-arrivee\/","url":"https:\/\/www.donibane-hondarribia.com\/fr\/le-parcour\/21km-a-detalle\/hondarribia-arrivee\/","name":"Arriv\u00e9e - Donibane Lohizune Hondarribia","isPartOf":{"@id":"https:\/\/www.donibane-hondarribia.com\/#website"},"datePublished":"2017-04-28T14:12:10+00:00","dateModified":"2017-04-30T11:33:43+00:00","breadcrumb":{"@id":"https:\/\/www.donibane-hondarribia.com\/fr\/le-parcour\/21km-a-detalle\/hondarribia-arrivee\/#breadcrumb"},"inLanguage":"fr-FR","potentialAction":[{"@type":"ReadAction","target":["https:\/\/www.donibane-hondarribia.com\/fr\/le-parcour\/21km-a-detalle\/hondarribia-arrivee\/"]}]},{"@type":"BreadcrumbList","@id":"https:\/\/www.donibane-hondarribia.com\/fr\/le-parcour\/21km-a-detalle\/hondarribia-arrivee\/#breadcrumb","itemListElement":[{"@type":"ListItem","position":1,"name":"Portada","item":"https:\/\/www.donibane-hondarribia.com\/fr\/"},{"@type":"ListItem","position":2,"name":"Le parcour","item":"https:\/\/www.donibane-hondarribia.com\/fr\/le-parcour\/"},{"@type":"ListItem","position":3,"name":"21.1km en d\u00e9tails","item":"https:\/\/www.donibane-hondarribia.com\/fr\/le-parcour\/21km-a-detalle\/"},{"@type":"ListItem","position":4,"name":"Arriv\u00e9e"}]},{"@type":"WebSite","@id":"https:\/\/www.donibane-hondarribia.com\/#website","url":"https:\/\/www.donibane-hondarribia.com\/","name":"Donibane Lohizune Hondarribia","description":"2024\/10\/27 10:00 - Media marat\u00f3n San Juan de Luz Hondarribia - Semi-Marathon Saint Jean de Luz hondarribia - Erdi maratoia Donibane Lohizune Hondarribia","potentialAction":[{"@type":"SearchAction","target":{"@type":"EntryPoint","urlTemplate":"https:\/\/www.donibane-hondarribia.com\/?s={search_term_string}"},"query-input":{"@type":"PropertyValueSpecification","valueRequired":true,"valueName":"search_term_string"}}],"inLanguage":"fr-FR"}]}},"_links":{"self":[{"href":"https:\/\/www.donibane-hondarribia.com\/fr\/wp-json\/wp\/v2\/pages\/971","targetHints":{"allow":["GET"]}}],"collection":[{"href":"https:\/\/www.donibane-hondarribia.com\/fr\/wp-json\/wp\/v2\/pages"}],"about":[{"href":"https:\/\/www.donibane-hondarribia.com\/fr\/wp-json\/wp\/v2\/types\/page"}],"author":[{"embeddable":true,"href":"https:\/\/www.donibane-hondarribia.com\/fr\/wp-json\/wp\/v2\/users\/1"}],"replies":[{"embeddable":true,"href":"https:\/\/www.donibane-hondarribia.com\/fr\/wp-json\/wp\/v2\/comments?post=971"}],"version-history":[{"count":0,"href":"https:\/\/www.donibane-hondarribia.com\/fr\/wp-json\/wp\/v2\/pages\/971\/revisions"}],"up":[{"embeddable":true,"href":"https:\/\/www.donibane-hondarribia.com\/fr\/wp-json\/wp\/v2\/pages\/963"}],"wp:attachment":[{"href":"https:\/\/www.donibane-hondarribia.com\/fr\/wp-json\/wp\/v2\/media?parent=971"}],"curies":[{"name":"wp","href":"https:\/\/api.w.org\/{rel}","templated":true}]}}