{"id":973,"date":"2017-04-28T16:12:42","date_gmt":"2017-04-28T14:12:42","guid":{"rendered":"https:\/\/donibane-hondarribia.com\/?page_id=973"},"modified":"2019-05-09T17:52:04","modified_gmt":"2019-05-09T15:52:04","slug":"la-corniche","status":"publish","type":"page","link":"https:\/\/www.donibane-hondarribia.com\/fr\/le-parcour\/21km-a-detalle\/la-corniche\/","title":{"rendered":"La Corniche"},"content":{"rendered":"<p>[et_pb_section bb_built=\u00a0\u00bb1&Prime; background_image=\u00a0\u00bbhttps:\/\/donibane-hondarribia.com\/wp-content\/uploads\/2017\/04\/donibane.jpg\u00a0\u00bb next_background_color=\u00a0\u00bbrgba(255,255,255,0)\u00a0\u00bb][\/et_pb_section][et_pb_section bb_built=\u00a0\u00bb1&Prime; admin_label=\u00a0\u00bbsection\u00a0\u00bb transparent_background=\u00a0\u00bbon\u00a0\u00bb custom_padding=\u00a0\u00bb0px||0px|\u00a0\u00bb background_color=\u00a0\u00bbrgba(255,255,255,0)\u00a0\u00bb prev_background_color=\u00a0\u00bb#ffffff\u00a0\u00bb][et_pb_row admin_label=\u00a0\u00bbrow\u00a0\u00bb custom_padding=\u00a0\u00bb|20px|0px|20px\u00a0\u00bb background_color=\u00a0\u00bb#ffffff\u00a0\u00bb parallax_method_1=\u00a0\u00bboff\u00a0\u00bb background_position=\u00a0\u00bbtop_left\u00a0\u00bb background_repeat=\u00a0\u00bbrepeat\u00a0\u00bb background_size=\u00a0\u00bbinitial\u00a0\u00bb][et_pb_column type=\u00a0\u00bb4_4&Prime;][et_pb_text admin_label=\u00a0\u00bbLA CARRERA DONIBANE LOHIZUNE &#8211; HONDARRIBIA\u00a0\u00bb background_position=\u00a0\u00bbtop_left\u00a0\u00bb background_repeat=\u00a0\u00bbrepeat\u00a0\u00bb background_size=\u00a0\u00bbinitial\u00a0\u00bb _builder_version=\u00a0\u00bb3.5.1&Prime;]<\/p>\n<h1>22KM EN DETAIL<\/h1>\n<p>[\/et_pb_text][\/et_pb_column][\/et_pb_row][et_pb_row custom_padding=\u00a0\u00bb|20px||20px\u00a0\u00bb background_color=\u00a0\u00bb#ffffff\u00a0\u00bb parallax_method_1=\u00a0\u00bboff\u00a0\u00bb parallax_method_2=\u00a0\u00bboff\u00a0\u00bb parallax_method_3=\u00a0\u00bboff\u00a0\u00bb module_class_1=\u00a0\u00bbmenu_detalle\u00a0\u00bb background_position=\u00a0\u00bbtop_left\u00a0\u00bb background_repeat=\u00a0\u00bbrepeat\u00a0\u00bb background_size=\u00a0\u00bbinitial\u00a0\u00bb][et_pb_column type=\u00a0\u00bb1_4&Prime;][et_pb_image src=\u00a0\u00bbhttps:\/\/donibane-hondarribia.com\/wp-content\/uploads\/2017\/04\/salida_san_juan_luz.jpg\u00a0\u00bb url=\u00a0\u00bbhttps:\/\/donibane-hondarribia.com\/el-recorrido\/21km-a-detalle\/\u00a0\u00bb animation=\u00a0\u00bboff\u00a0\u00bb sticky=\u00a0\u00bbon\u00a0\u00bb animation_style=\u00a0\u00bbnone\u00a0\u00bb animation_duration=\u00a0\u00bb1000ms\u00a0\u00bb animation_intensity_slide=\u00a0\u00bb50%\u00a0\u00bb show_bottom_space=\u00a0\u00bboff\u00a0\u00bb \/][et_pb_text use_border_color=\u00a0\u00bboff\u00a0\u00bb background_position=\u00a0\u00bbtop_left\u00a0\u00bb background_repeat=\u00a0\u00bbrepeat\u00a0\u00bb background_size=\u00a0\u00bbinitial\u00a0\u00bb _builder_version=\u00a0\u00bb3.5.1&Prime;]<\/p>\n<p><a href=\"https:\/\/donibane-hondarribia.com\/el-recorrido\/21km-a-detalle\/\">D\u00e9part et parcours urbain dans Saint Jean de Luz et Ciboure<\/a><\/p>\n<p>[\/et_pb_text][et_pb_image src=\u00a0\u00bbhttps:\/\/donibane-hondarribia.com\/wp-content\/uploads\/2017\/04\/la_corniche.jpg\u00a0\u00bb animation=\u00a0\u00bboff\u00a0\u00bb sticky=\u00a0\u00bbon\u00a0\u00bb module_class=\u00a0\u00bbcolor\u00a0\u00bb animation_style=\u00a0\u00bbnone\u00a0\u00bb animation_duration=\u00a0\u00bb1000ms\u00a0\u00bb animation_intensity_slide=\u00a0\u00bb50%\u00a0\u00bb show_bottom_space=\u00a0\u00bboff\u00a0\u00bb \/][et_pb_text background_layout=\u00a0\u00bblight\u00a0\u00bb text_orientation=\u00a0\u00bbleft\u00a0\u00bb use_border_color=\u00a0\u00bboff\u00a0\u00bb border_color=\u00a0\u00bb#ffffff\u00a0\u00bb border_style=\u00a0\u00bbsolid\u00a0\u00bb background_position=\u00a0\u00bbtop_left\u00a0\u00bb background_repeat=\u00a0\u00bbrepeat\u00a0\u00bb background_size=\u00a0\u00bbinitial\u00a0\u00bb]<\/p>\n<p>La Corniche<\/p>\n<p>[\/et_pb_text][et_pb_image src=\u00a0\u00bbhttps:\/\/donibane-hondarribia.com\/wp-content\/uploads\/2017\/04\/adoquines.jpg\u00a0\u00bb url=\u00a0\u00bbhttps:\/\/donibane-hondarribia.com\/el-recorrido\/21km-a-detalle\/hondarribia-adoquines\/\u00a0\u00bb animation=\u00a0\u00bboff\u00a0\u00bb sticky=\u00a0\u00bbon\u00a0\u00bb animation_style=\u00a0\u00bbnone\u00a0\u00bb animation_duration=\u00a0\u00bb1000ms\u00a0\u00bb animation_intensity_slide=\u00a0\u00bb50%\u00a0\u00bb show_bottom_space=\u00a0\u00bboff\u00a0\u00bb \/][et_pb_text background_layout=\u00a0\u00bblight\u00a0\u00bb text_orientation=\u00a0\u00bbleft\u00a0\u00bb use_border_color=\u00a0\u00bboff\u00a0\u00bb border_color=\u00a0\u00bb#ffffff\u00a0\u00bb border_style=\u00a0\u00bbsolid\u00a0\u00bb background_position=\u00a0\u00bbtop_left\u00a0\u00bb background_repeat=\u00a0\u00bbrepeat\u00a0\u00bb background_size=\u00a0\u00bbinitial\u00a0\u00bb]<\/p>\n<p><a href=\"https:\/\/donibane-hondarribia.com\/el-recorrido\/21km-a-detalle\/hondarribia-adoquines\/\">Pav\u00e9s et \u00e9motion dans la Cit\u00e9 fortifi\u00e9e d\u2019Hondarribia<\/a><\/p>\n<p>[\/et_pb_text][et_pb_image src=\u00a0\u00bbhttps:\/\/donibane-hondarribia.com\/wp-content\/uploads\/2017\/04\/llegada_hondarribia.jpg\u00a0\u00bb url=\u00a0\u00bbhttps:\/\/donibane-hondarribia.com\/el-recorrido\/21km-a-detalle\/hondarribia-meta\/\u00a0\u00bb animation=\u00a0\u00bboff\u00a0\u00bb sticky=\u00a0\u00bbon\u00a0\u00bb animation_style=\u00a0\u00bbnone\u00a0\u00bb animation_duration=\u00a0\u00bb1000ms\u00a0\u00bb animation_intensity_slide=\u00a0\u00bb50%\u00a0\u00bb show_bottom_space=\u00a0\u00bboff\u00a0\u00bb \/][et_pb_text background_layout=\u00a0\u00bblight\u00a0\u00bb text_orientation=\u00a0\u00bbleft\u00a0\u00bb use_border_color=\u00a0\u00bboff\u00a0\u00bb border_color=\u00a0\u00bb#ffffff\u00a0\u00bb border_style=\u00a0\u00bbsolid\u00a0\u00bb background_position=\u00a0\u00bbtop_left\u00a0\u00bb background_repeat=\u00a0\u00bbrepeat\u00a0\u00bb background_size=\u00a0\u00bbinitial\u00a0\u00bb]<\/p>\n<p><a href=\"https:\/\/donibane-hondarribia.com\/el-recorrido\/21km-a-detalle\/hondarribia-meta\/\">L\u2019arriv\u00e9e tant esp\u00e9r\u00e9e dans le quartier maritime de la ville<\/a><\/p>\n<p>[\/et_pb_text][\/et_pb_column][et_pb_column type=\u00a0\u00bb3_4&Prime;][et_pb_text admin_label=\u00a0\u00bbLa Corniche\u00a0\u00bb use_border_color=\u00a0\u00bboff\u00a0\u00bb background_position=\u00a0\u00bbtop_left\u00a0\u00bb background_repeat=\u00a0\u00bbrepeat\u00a0\u00bb background_size=\u00a0\u00bbinitial\u00a0\u00bb _builder_version=\u00a0\u00bb3.5.1&Prime;]<\/p>\n<h2>La Corniche<\/h2>\n<p>Cette portion de 6 km sur la Corniche est s\u00fbrement une des caract\u00e9ristiques principales de cette course qui d\u00e9finit le mieux la particularit\u00e9 de \u201cla\u00a0 Donibane\u201d.<\/p>\n<p>La Corniche est une portion du chemin littoral qui relie Saint Jean de Luz \u00e0 Hendaye qui surplombe des falaises de flysch avec de magnifiques vues sur la mer et les prairies avoisinantes.<\/p>\n<p>S\u2019il fallait souligner un endroit particulier sur cette portion, ce serait bien s\u00fbr le passage au niveau du Ch\u00e2teau d&rsquo;Abbadia, au niveau du km 9 environ avant de d\u00e9buter la partie la plus \u201curbaine\u201d du parcours.<\/p>\n<p>Ce Ch\u00e2teau construit par Antoine d&rsquo;Abbadie d&rsquo;Arrast, anthropologue, explorateur, linguiste et astronome et qui le transforma en un \u00e9difice particulier, avec un grand bestiaire que l\u2019on retrouve sur diff\u00e9rents murs de l\u2019\u00e9difice et un observatoire astronomique d\u00e9cimal (400\u00ba divis\u00e9s en d\u00e9cigrades au lieu des 360\u00ba habituels divis\u00e9s en minutes), qui le rend d\u2019une raret\u00e9 authentique puisqu\u2019il est unique dans le monde.<\/p>\n<p><img loading=\"lazy\" decoding=\"async\" class=\"alignnone size-full wp-image-368\" src=\"https:\/\/donibane-hondarribia.com\/wp-content\/uploads\/2017\/04\/la_corniche_abadie.jpg\" alt=\"\" width=\"750\" height=\"450\" srcset=\"https:\/\/www.donibane-hondarribia.com\/wp-content\/uploads\/2017\/04\/la_corniche_abadie.jpg 750w, https:\/\/www.donibane-hondarribia.com\/wp-content\/uploads\/2017\/04\/la_corniche_abadie-300x180.jpg 300w\" sizes=\"(max-width: 750px) 100vw, 750px\" \/><\/p>\n<p>[\/et_pb_text][\/et_pb_column][\/et_pb_row][et_pb_row custom_padding=\u00a0\u00bb0px|0px|0px|0px\u00a0\u00bb custom_margin=\u00a0\u00bb0px||0px|\u00a0\u00bb background_color=\u00a0\u00bb#ffffff\u00a0\u00bb parallax_method_1=\u00a0\u00bboff\u00a0\u00bb background_position=\u00a0\u00bbtop_left\u00a0\u00bb background_repeat=\u00a0\u00bbrepeat\u00a0\u00bb background_size=\u00a0\u00bbinitial\u00a0\u00bb][et_pb_column type=\u00a0\u00bb4_4&Prime;][et_pb_text background_position=\u00a0\u00bbtop_left\u00a0\u00bb background_repeat=\u00a0\u00bbrepeat\u00a0\u00bb background_size=\u00a0\u00bbinitial\u00a0\u00bb _builder_version=\u00a0\u00bb3.5.1&Prime; \/][et_pb_image src=\u00a0\u00bbhttps:\/\/donibane-hondarribia.com\/wp-content\/uploads\/2017\/04\/tira-de-patrocinadores.jpg\u00a0\u00bb animation=\u00a0\u00bboff\u00a0\u00bb sticky=\u00a0\u00bbon\u00a0\u00bb custom_margin=\u00a0\u00bb0px||0px|\u00a0\u00bb animation_style=\u00a0\u00bbnone\u00a0\u00bb animation_duration=\u00a0\u00bb1000ms\u00a0\u00bb animation_intensity_slide=\u00a0\u00bb50%\u00a0\u00bb show_bottom_space=\u00a0\u00bboff\u00a0\u00bb \/][\/et_pb_column][\/et_pb_row][\/et_pb_section]<\/p>\n","protected":false},"excerpt":{"rendered":"<p>22KM EN DETAIL D\u00e9part et parcours urbain dans Saint Jean de Luz et Ciboure La Corniche Pav\u00e9s et \u00e9motion dans la Cit\u00e9 fortifi\u00e9e d\u2019Hondarribia L\u2019arriv\u00e9e tant esp\u00e9r\u00e9e dans le quartier maritime de la ville La Corniche Cette portion de 6 km sur la Corniche est s\u00fbrement une des caract\u00e9ristiques principales de cette course qui d\u00e9finit [&hellip;]<\/p>\n","protected":false},"author":1,"featured_media":0,"parent":963,"menu_order":40,"comment_status":"closed","ping_status":"closed","template":"","meta":{"_et_pb_use_builder":"on","_et_pb_old_content":"","_et_gb_content_width":"","inline_featured_image":false,"footnotes":""},"class_list":["post-973","page","type-page","status-publish","hentry"],"yoast_head":"<!-- This site is optimized with the Yoast SEO plugin v27.2 - https:\/\/yoast.com\/product\/yoast-seo-wordpress\/ -->\n<title>La Corniche - Donibane Lohizune Hondarribia<\/title>\n<meta name=\"robots\" content=\"index, follow, max-snippet:-1, max-image-preview:large, max-video-preview:-1\" \/>\n<link rel=\"canonical\" href=\"https:\/\/www.donibane-hondarribia.com\/fr\/le-parcour\/21km-a-detalle\/la-corniche\/\" \/>\n<meta property=\"og:locale\" content=\"fr_FR\" \/>\n<meta property=\"og:type\" content=\"article\" \/>\n<meta property=\"og:title\" content=\"La Corniche - Donibane Lohizune Hondarribia\" \/>\n<meta property=\"og:description\" content=\"22KM EN DETAIL D\u00e9part et parcours urbain dans Saint Jean de Luz et Ciboure La Corniche Pav\u00e9s et \u00e9motion dans la Cit\u00e9 fortifi\u00e9e d\u2019Hondarribia L\u2019arriv\u00e9e tant esp\u00e9r\u00e9e dans le quartier maritime de la ville La Corniche Cette portion de 6 km sur la Corniche est s\u00fbrement une des caract\u00e9ristiques principales de cette course qui d\u00e9finit [&hellip;]\" \/>\n<meta property=\"og:url\" content=\"https:\/\/www.donibane-hondarribia.com\/fr\/le-parcour\/21km-a-detalle\/la-corniche\/\" \/>\n<meta property=\"og:site_name\" content=\"Donibane Lohizune Hondarribia\" \/>\n<meta property=\"article:publisher\" content=\"https:\/\/es-es.facebook.com\/DonibaneHondarribia\/\" \/>\n<meta property=\"article:modified_time\" content=\"2019-05-09T15:52:04+00:00\" \/>\n<meta property=\"og:image\" content=\"https:\/\/donibane-hondarribia.com\/wp-content\/uploads\/2017\/04\/la_corniche_abadie.jpg\" \/>\n<meta name=\"twitter:card\" content=\"summary_large_image\" \/>\n<meta name=\"twitter:site\" content=\"@dhondarribia\" \/>\n<meta name=\"twitter:label1\" content=\"Dur\u00e9e de lecture estim\u00e9e\" \/>\n\t<meta name=\"twitter:data1\" content=\"4 minutes\" \/>\n<script type=\"application\/ld+json\" class=\"yoast-schema-graph\">{\"@context\":\"https:\/\/schema.org\",\"@graph\":[{\"@type\":\"WebPage\",\"@id\":\"https:\/\/www.donibane-hondarribia.com\/fr\/le-parcour\/21km-a-detalle\/la-corniche\/\",\"url\":\"https:\/\/www.donibane-hondarribia.com\/fr\/le-parcour\/21km-a-detalle\/la-corniche\/\",\"name\":\"La Corniche - Donibane Lohizune Hondarribia\",\"isPartOf\":{\"@id\":\"https:\/\/www.donibane-hondarribia.com\/#website\"},\"primaryImageOfPage\":{\"@id\":\"https:\/\/www.donibane-hondarribia.com\/fr\/le-parcour\/21km-a-detalle\/la-corniche\/#primaryimage\"},\"image\":{\"@id\":\"https:\/\/www.donibane-hondarribia.com\/fr\/le-parcour\/21km-a-detalle\/la-corniche\/#primaryimage\"},\"thumbnailUrl\":\"https:\/\/donibane-hondarribia.com\/wp-content\/uploads\/2017\/04\/la_corniche_abadie.jpg\",\"datePublished\":\"2017-04-28T14:12:42+00:00\",\"dateModified\":\"2019-05-09T15:52:04+00:00\",\"breadcrumb\":{\"@id\":\"https:\/\/www.donibane-hondarribia.com\/fr\/le-parcour\/21km-a-detalle\/la-corniche\/#breadcrumb\"},\"inLanguage\":\"fr-FR\",\"potentialAction\":[{\"@type\":\"ReadAction\",\"target\":[\"https:\/\/www.donibane-hondarribia.com\/fr\/le-parcour\/21km-a-detalle\/la-corniche\/\"]}]},{\"@type\":\"ImageObject\",\"inLanguage\":\"fr-FR\",\"@id\":\"https:\/\/www.donibane-hondarribia.com\/fr\/le-parcour\/21km-a-detalle\/la-corniche\/#primaryimage\",\"url\":\"https:\/\/donibane-hondarribia.com\/wp-content\/uploads\/2017\/04\/la_corniche_abadie.jpg\",\"contentUrl\":\"https:\/\/donibane-hondarribia.com\/wp-content\/uploads\/2017\/04\/la_corniche_abadie.jpg\"},{\"@type\":\"BreadcrumbList\",\"@id\":\"https:\/\/www.donibane-hondarribia.com\/fr\/le-parcour\/21km-a-detalle\/la-corniche\/#breadcrumb\",\"itemListElement\":[{\"@type\":\"ListItem\",\"position\":1,\"name\":\"Portada\",\"item\":\"https:\/\/www.donibane-hondarribia.com\/fr\/\"},{\"@type\":\"ListItem\",\"position\":2,\"name\":\"Le parcour\",\"item\":\"https:\/\/www.donibane-hondarribia.com\/fr\/le-parcour\/\"},{\"@type\":\"ListItem\",\"position\":3,\"name\":\"21.1km en d\u00e9tails\",\"item\":\"https:\/\/www.donibane-hondarribia.com\/fr\/le-parcour\/21km-a-detalle\/\"},{\"@type\":\"ListItem\",\"position\":4,\"name\":\"La Corniche\"}]},{\"@type\":\"WebSite\",\"@id\":\"https:\/\/www.donibane-hondarribia.com\/#website\",\"url\":\"https:\/\/www.donibane-hondarribia.com\/\",\"name\":\"Donibane Lohizune Hondarribia\",\"description\":\"2024\/10\/27 10:00 - Media marat\u00f3n San Juan de Luz Hondarribia - Semi-Marathon Saint Jean de Luz hondarribia - Erdi maratoia Donibane Lohizune Hondarribia\",\"potentialAction\":[{\"@type\":\"SearchAction\",\"target\":{\"@type\":\"EntryPoint\",\"urlTemplate\":\"https:\/\/www.donibane-hondarribia.com\/?s={search_term_string}\"},\"query-input\":{\"@type\":\"PropertyValueSpecification\",\"valueRequired\":true,\"valueName\":\"search_term_string\"}}],\"inLanguage\":\"fr-FR\"}]}<\/script>\n<!-- \/ Yoast SEO plugin. -->","yoast_head_json":{"title":"La Corniche - Donibane Lohizune Hondarribia","robots":{"index":"index","follow":"follow","max-snippet":"max-snippet:-1","max-image-preview":"max-image-preview:large","max-video-preview":"max-video-preview:-1"},"canonical":"https:\/\/www.donibane-hondarribia.com\/fr\/le-parcour\/21km-a-detalle\/la-corniche\/","og_locale":"fr_FR","og_type":"article","og_title":"La Corniche - Donibane Lohizune Hondarribia","og_description":"22KM EN DETAIL D\u00e9part et parcours urbain dans Saint Jean de Luz et Ciboure La Corniche Pav\u00e9s et \u00e9motion dans la Cit\u00e9 fortifi\u00e9e d\u2019Hondarribia L\u2019arriv\u00e9e tant esp\u00e9r\u00e9e dans le quartier maritime de la ville La Corniche Cette portion de 6 km sur la Corniche est s\u00fbrement une des caract\u00e9ristiques principales de cette course qui d\u00e9finit [&hellip;]","og_url":"https:\/\/www.donibane-hondarribia.com\/fr\/le-parcour\/21km-a-detalle\/la-corniche\/","og_site_name":"Donibane Lohizune Hondarribia","article_publisher":"https:\/\/es-es.facebook.com\/DonibaneHondarribia\/","article_modified_time":"2019-05-09T15:52:04+00:00","og_image":[{"url":"https:\/\/donibane-hondarribia.com\/wp-content\/uploads\/2017\/04\/la_corniche_abadie.jpg","type":"","width":"","height":""}],"twitter_card":"summary_large_image","twitter_site":"@dhondarribia","twitter_misc":{"Dur\u00e9e de lecture estim\u00e9e":"4 minutes"},"schema":{"@context":"https:\/\/schema.org","@graph":[{"@type":"WebPage","@id":"https:\/\/www.donibane-hondarribia.com\/fr\/le-parcour\/21km-a-detalle\/la-corniche\/","url":"https:\/\/www.donibane-hondarribia.com\/fr\/le-parcour\/21km-a-detalle\/la-corniche\/","name":"La Corniche - Donibane Lohizune Hondarribia","isPartOf":{"@id":"https:\/\/www.donibane-hondarribia.com\/#website"},"primaryImageOfPage":{"@id":"https:\/\/www.donibane-hondarribia.com\/fr\/le-parcour\/21km-a-detalle\/la-corniche\/#primaryimage"},"image":{"@id":"https:\/\/www.donibane-hondarribia.com\/fr\/le-parcour\/21km-a-detalle\/la-corniche\/#primaryimage"},"thumbnailUrl":"https:\/\/donibane-hondarribia.com\/wp-content\/uploads\/2017\/04\/la_corniche_abadie.jpg","datePublished":"2017-04-28T14:12:42+00:00","dateModified":"2019-05-09T15:52:04+00:00","breadcrumb":{"@id":"https:\/\/www.donibane-hondarribia.com\/fr\/le-parcour\/21km-a-detalle\/la-corniche\/#breadcrumb"},"inLanguage":"fr-FR","potentialAction":[{"@type":"ReadAction","target":["https:\/\/www.donibane-hondarribia.com\/fr\/le-parcour\/21km-a-detalle\/la-corniche\/"]}]},{"@type":"ImageObject","inLanguage":"fr-FR","@id":"https:\/\/www.donibane-hondarribia.com\/fr\/le-parcour\/21km-a-detalle\/la-corniche\/#primaryimage","url":"https:\/\/donibane-hondarribia.com\/wp-content\/uploads\/2017\/04\/la_corniche_abadie.jpg","contentUrl":"https:\/\/donibane-hondarribia.com\/wp-content\/uploads\/2017\/04\/la_corniche_abadie.jpg"},{"@type":"BreadcrumbList","@id":"https:\/\/www.donibane-hondarribia.com\/fr\/le-parcour\/21km-a-detalle\/la-corniche\/#breadcrumb","itemListElement":[{"@type":"ListItem","position":1,"name":"Portada","item":"https:\/\/www.donibane-hondarribia.com\/fr\/"},{"@type":"ListItem","position":2,"name":"Le parcour","item":"https:\/\/www.donibane-hondarribia.com\/fr\/le-parcour\/"},{"@type":"ListItem","position":3,"name":"21.1km en d\u00e9tails","item":"https:\/\/www.donibane-hondarribia.com\/fr\/le-parcour\/21km-a-detalle\/"},{"@type":"ListItem","position":4,"name":"La Corniche"}]},{"@type":"WebSite","@id":"https:\/\/www.donibane-hondarribia.com\/#website","url":"https:\/\/www.donibane-hondarribia.com\/","name":"Donibane Lohizune Hondarribia","description":"2024\/10\/27 10:00 - Media marat\u00f3n San Juan de Luz Hondarribia - Semi-Marathon Saint Jean de Luz hondarribia - Erdi maratoia Donibane Lohizune Hondarribia","potentialAction":[{"@type":"SearchAction","target":{"@type":"EntryPoint","urlTemplate":"https:\/\/www.donibane-hondarribia.com\/?s={search_term_string}"},"query-input":{"@type":"PropertyValueSpecification","valueRequired":true,"valueName":"search_term_string"}}],"inLanguage":"fr-FR"}]}},"_links":{"self":[{"href":"https:\/\/www.donibane-hondarribia.com\/fr\/wp-json\/wp\/v2\/pages\/973","targetHints":{"allow":["GET"]}}],"collection":[{"href":"https:\/\/www.donibane-hondarribia.com\/fr\/wp-json\/wp\/v2\/pages"}],"about":[{"href":"https:\/\/www.donibane-hondarribia.com\/fr\/wp-json\/wp\/v2\/types\/page"}],"author":[{"embeddable":true,"href":"https:\/\/www.donibane-hondarribia.com\/fr\/wp-json\/wp\/v2\/users\/1"}],"replies":[{"embeddable":true,"href":"https:\/\/www.donibane-hondarribia.com\/fr\/wp-json\/wp\/v2\/comments?post=973"}],"version-history":[{"count":0,"href":"https:\/\/www.donibane-hondarribia.com\/fr\/wp-json\/wp\/v2\/pages\/973\/revisions"}],"up":[{"embeddable":true,"href":"https:\/\/www.donibane-hondarribia.com\/fr\/wp-json\/wp\/v2\/pages\/963"}],"wp:attachment":[{"href":"https:\/\/www.donibane-hondarribia.com\/fr\/wp-json\/wp\/v2\/media?parent=973"}],"curies":[{"name":"wp","href":"https:\/\/api.w.org\/{rel}","templated":true}]}}