{"id":985,"date":"2017-04-28T16:16:15","date_gmt":"2017-04-28T14:16:15","guid":{"rendered":"https:\/\/donibane-hondarribia.com\/?page_id=985"},"modified":"2025-02-20T20:18:59","modified_gmt":"2025-02-20T19:18:59","slug":"saint-jean-de-luz","status":"publish","type":"page","link":"https:\/\/www.donibane-hondarribia.com\/fr\/un-decor-inegalable-hondarribia-saint-jean-de-luz\/saint-jean-de-luz\/","title":{"rendered":"Saint Jean de Luz"},"content":{"rendered":"<p>[et_pb_section fb_built=\u00a0\u00bb1&Prime; admin_label=\u00a0\u00bbsection\u00a0\u00bb _builder_version=\u00a0\u00bb4.16&Prime; background_color=\u00a0\u00bbrgba(255,255,255,0)\u00a0\u00bb custom_padding=\u00a0\u00bb0px||0px|\u00a0\u00bb transparent_background=\u00a0\u00bbon\u00a0\u00bb global_colors_info=\u00a0\u00bb{}\u00a0\u00bb][et_pb_row admin_label=\u00a0\u00bbrow\u00a0\u00bb _builder_version=\u00a0\u00bb4.16&Prime; background_color=\u00a0\u00bb#ffffff\u00a0\u00bb background_size=\u00a0\u00bbinitial\u00a0\u00bb background_position=\u00a0\u00bbtop_left\u00a0\u00bb background_repeat=\u00a0\u00bbrepeat\u00a0\u00bb custom_padding=\u00a0\u00bb|20px||20px\u00a0\u00bb global_colors_info=\u00a0\u00bb{}\u00a0\u00bb][et_pb_column type=\u00a0\u00bb4_4&Prime; _builder_version=\u00a0\u00bb4.16&Prime; custom_padding=\u00a0\u00bb|||\u00a0\u00bb global_colors_info=\u00a0\u00bb{}\u00a0\u00bb custom_padding__hover=\u00a0\u00bb|||\u00a0\u00bb][et_pb_text admin_label=\u00a0\u00bbHondarribia\u00a0\u00bb _builder_version=\u00a0\u00bb4.16&Prime; background_size=\u00a0\u00bbinitial\u00a0\u00bb background_position=\u00a0\u00bbtop_left\u00a0\u00bb background_repeat=\u00a0\u00bbrepeat\u00a0\u00bb global_colors_info=\u00a0\u00bb{}\u00a0\u00bb]<\/p>\n<h1>Saint Jean de Luz<\/h1>\n<p>[\/et_pb_text][\/et_pb_column][\/et_pb_row][et_pb_row custom_padding_last_edited=\u00a0\u00bbon|\u00a0\u00bb admin_label=\u00a0\u00bbrow\u00a0\u00bb _builder_version=\u00a0\u00bb4.16&Prime; background_color=\u00a0\u00bb#ffffff\u00a0\u00bb background_size=\u00a0\u00bbinitial\u00a0\u00bb background_position=\u00a0\u00bbtop_left\u00a0\u00bb background_repeat=\u00a0\u00bbrepeat\u00a0\u00bb custom_padding=\u00a0\u00bb|20px||20px\u00a0\u00bb custom_padding_tablet=\u00a0\u00bb\u00a0\u00bb custom_padding_phone=\u00a0\u00bb\u00a0\u00bb global_colors_info=\u00a0\u00bb{}\u00a0\u00bb][et_pb_column type=\u00a0\u00bb4_4&Prime; _builder_version=\u00a0\u00bb4.16&Prime; custom_padding=\u00a0\u00bb|||\u00a0\u00bb global_colors_info=\u00a0\u00bb{}\u00a0\u00bb custom_padding__hover=\u00a0\u00bb|||\u00a0\u00bb][et_pb_text admin_label=\u00a0\u00bbHondarribia junto \u00a0\u00bb _builder_version=\u00a0\u00bb4.16&Prime; background_size=\u00a0\u00bbinitial\u00a0\u00bb background_position=\u00a0\u00bbtop_left\u00a0\u00bb background_repeat=\u00a0\u00bbrepeat\u00a0\u00bb global_colors_info=\u00a0\u00bb{}\u00a0\u00bb]<strong>Saint Jean de luz<\/strong> fait partie de ces cit\u00e9s maritime du Pays basque Nord qui ont su gard\u00e9 leur attachement \u00e0 la mer, \u00e0 leur culture et \u00e0 leur Histoire tout en se modernisant et devenant des villes attrayantes et anim\u00e9es.<\/p>\n<p>Elle est situ\u00e9e au Nord d&rsquo;Hendaye et \u00e0 quinze kilom\u00e8tres au Sud de Bayonne et Biarritz, \u00e0 l&#8217;embouchure de la Nivelle. Facile d&rsquo;acc\u00e8s pour les visiteurs par l&rsquo;A63, Saint Jean de luz est la ville principale de son canton ce qui lui conf\u00e8re une belle vitalit\u00e9 aussi bien sur le plan \u00e9conomique, que du point de vue touristique.<br \/>\n[\/et_pb_text][et_pb_text admin_label=\u00a0\u00bbSus imponentes murallas\u00a0\u00bb _builder_version=\u00a0\u00bb4.16&Prime; background_size=\u00a0\u00bbinitial\u00a0\u00bb background_position=\u00a0\u00bbtop_left\u00a0\u00bb background_repeat=\u00a0\u00bbrepeat\u00a0\u00bb global_colors_info=\u00a0\u00bb{}\u00a0\u00bb]Nombreux sont les spectacles, les\u00a0 animations, \u00a0les \u00a0rendez-vous culturels et sportifs\u00a0 propos\u00e9es par la municipalit\u00e9 et autres acteurs locaux \u00a0tout au long de l\u2019ann\u00e9e \u00e0 Saint Jean de luz. \u00a0Entre autre les f\u00eates patronales de la St Jean avec son feux spectaculaire, l\u2019Ihauteri (ou carnaval),<strong> les r\u00e9gates de traini\u00e8res\u2026<\/strong><br \/>\n[\/et_pb_text][et_pb_text admin_label=\u00a0\u00bbSus imponentes murallas\u00a0\u00bb _builder_version=\u00a0\u00bb4.16&Prime; background_size=\u00a0\u00bbinitial\u00a0\u00bb background_position=\u00a0\u00bbtop_left\u00a0\u00bb background_repeat=\u00a0\u00bbrepeat\u00a0\u00bb global_colors_info=\u00a0\u00bb{}\u00a0\u00bb]<strong>Saint Jean de luz<\/strong> est une ville riche en Histoire puisqu&rsquo;elle a depuis longtemps \u00e9t\u00e9 un port strat\u00e9gique aussi bien pour la p\u00eache que pour les batailles maritimes d&rsquo;un autre temps&#8230;<\/p>\n<h2><strong>Saint Jean de Luz ou la Cit\u00e9 des Corsaires\u2026<\/strong><\/h2>\n<p>D\u00e8s le XVII\u00e8me si\u00e8cle les marins de Saint Jean de luz, les redoutables p\u00eacheurs basques reconvertis en corsaires, devinrent la terreur notamment des marins anglais! En effet, leur r\u00e9putation \u00e9tait grande et ces derniers \u00e9taient si dou\u00e9s que les prises \u00e9taient abondantes.<\/p>\n<p>Nombreux sont ces capitaines luziens qui embarquaient \u00e0 bord de de bateaux \u00e9quip\u00e9s de canons, et qui sillonnaient les mers \u00e0 la recherche de bateaux ennemis.\u00a0 Les corsaires, \u00e0 l\u2019instar des pirates, travaillaient pour le Roi et avaient donc sa protection\u2026<\/p>\n<p>En fl\u00e2nant dans la ville, vous pouvez retrouver les \u00a0noms de ces valeureux marins, grav\u00e9s sur une dalle comm\u00e9morative ainsi que sur les plaques de certaines rues qui vous rappelleront les aventures de cette \u00e9poque\u2026<br \/>\n[\/et_pb_text][et_pb_image src=\u00a0\u00bbhttps:\/\/donibane-hondarribia.com\/wp-content\/uploads\/2017\/04\/san-juan-luz-03.jpg\u00a0\u00bb force_fullwidth=\u00a0\u00bbon\u00a0\u00bb align_tablet=\u00a0\u00bbcenter\u00a0\u00bb align_last_edited=\u00a0\u00bbon|desktop\u00a0\u00bb _builder_version=\u00a0\u00bb4.16&Prime; animation=\u00a0\u00bboff\u00a0\u00bb global_colors_info=\u00a0\u00bb{}\u00a0\u00bb align_phone=\u00a0\u00bbcenter\u00a0\u00bb]&nbsp;<br \/>\n[\/et_pb_image][et_pb_text admin_label=\u00a0\u00bbSus imponentes murallas\u00a0\u00bb _builder_version=\u00a0\u00bb4.16&Prime; background_size=\u00a0\u00bbinitial\u00a0\u00bb background_position=\u00a0\u00bbtop_left\u00a0\u00bb background_repeat=\u00a0\u00bbrepeat\u00a0\u00bb global_colors_info=\u00a0\u00bb{}\u00a0\u00bb]&nbsp;<br \/>\n[\/et_pb_text][\/et_pb_column][\/et_pb_row][et_pb_row _builder_version=\u00a0\u00bb4.16&Prime; background_color=\u00a0\u00bb#ffffff\u00a0\u00bb background_size=\u00a0\u00bbinitial\u00a0\u00bb background_position=\u00a0\u00bbtop_left\u00a0\u00bb background_repeat=\u00a0\u00bbrepeat\u00a0\u00bb global_colors_info=\u00a0\u00bb{}\u00a0\u00bb column_structure=\u00a0\u00bb1_4,1_4,1_4,1_4&Prime;][et_pb_column type=\u00a0\u00bb1_4&Prime; _builder_version=\u00a0\u00bb4.16&Prime; custom_padding=\u00a0\u00bb|||\u00a0\u00bb global_colors_info=\u00a0\u00bb{}\u00a0\u00bb custom_padding__hover=\u00a0\u00bb|||\u00a0\u00bb][et_pb_image src=\u00a0\u00bbhttps:\/\/donibane-hondarribia.com\/wp-content\/uploads\/2017\/04\/salida_san_juan_luz.jpg\u00a0\u00bb align_tablet=\u00a0\u00bbcenter\u00a0\u00bb align_last_edited=\u00a0\u00bbon|desktop\u00a0\u00bb _builder_version=\u00a0\u00bb4.16&Prime; animation_style=\u00a0\u00bbfade\u00a0\u00bb animation_duration=\u00a0\u00bb500ms\u00a0\u00bb animation=\u00a0\u00bbfade_in\u00a0\u00bb global_colors_info=\u00a0\u00bb{}\u00a0\u00bb align_phone=\u00a0\u00bbcenter\u00a0\u00bb]&nbsp;<br \/>\n[\/et_pb_image][\/et_pb_column][et_pb_column type=\u00a0\u00bb1_4&Prime; _builder_version=\u00a0\u00bb4.16&Prime; custom_padding=\u00a0\u00bb|||\u00a0\u00bb global_colors_info=\u00a0\u00bb{}\u00a0\u00bb custom_padding__hover=\u00a0\u00bb|||\u00a0\u00bb][et_pb_image src=\u00a0\u00bbhttps:\/\/donibane-hondarribia.com\/wp-content\/uploads\/2017\/04\/san-juan-luz-01.jpg\u00a0\u00bb align_tablet=\u00a0\u00bbcenter\u00a0\u00bb align_last_edited=\u00a0\u00bbon|desktop\u00a0\u00bb _builder_version=\u00a0\u00bb4.16&Prime; animation_style=\u00a0\u00bbfade\u00a0\u00bb animation_duration=\u00a0\u00bb500ms\u00a0\u00bb animation=\u00a0\u00bbfade_in\u00a0\u00bb global_colors_info=\u00a0\u00bb{}\u00a0\u00bb align_phone=\u00a0\u00bbcenter\u00a0\u00bb]&nbsp;<br \/>\n[\/et_pb_image][\/et_pb_column][et_pb_column type=\u00a0\u00bb1_4&Prime; _builder_version=\u00a0\u00bb4.16&Prime; custom_padding=\u00a0\u00bb|||\u00a0\u00bb global_colors_info=\u00a0\u00bb{}\u00a0\u00bb custom_padding__hover=\u00a0\u00bb|||\u00a0\u00bb][et_pb_image src=\u00a0\u00bbhttps:\/\/donibane-hondarribia.com\/wp-content\/uploads\/2017\/04\/san-juan-luz-puerto.jpg\u00a0\u00bb align_tablet=\u00a0\u00bbcenter\u00a0\u00bb align_last_edited=\u00a0\u00bbon|desktop\u00a0\u00bb _builder_version=\u00a0\u00bb4.16&Prime; animation_style=\u00a0\u00bbfade\u00a0\u00bb animation_duration=\u00a0\u00bb500ms\u00a0\u00bb animation=\u00a0\u00bbfade_in\u00a0\u00bb global_colors_info=\u00a0\u00bb{}\u00a0\u00bb align_phone=\u00a0\u00bbcenter\u00a0\u00bb]&nbsp;<br \/>\n[\/et_pb_image][\/et_pb_column][et_pb_column type=\u00a0\u00bb1_4&Prime; _builder_version=\u00a0\u00bb4.16&Prime; custom_padding=\u00a0\u00bb|||\u00a0\u00bb global_colors_info=\u00a0\u00bb{}\u00a0\u00bb custom_padding__hover=\u00a0\u00bb|||\u00a0\u00bb][et_pb_image src=\u00a0\u00bbhttps:\/\/donibane-hondarribia.com\/wp-content\/uploads\/2017\/04\/san-juan-luz-02.jpg\u00a0\u00bb align_tablet=\u00a0\u00bbcenter\u00a0\u00bb align_last_edited=\u00a0\u00bbon|desktop\u00a0\u00bb _builder_version=\u00a0\u00bb4.16&Prime; animation_style=\u00a0\u00bbfade\u00a0\u00bb animation_duration=\u00a0\u00bb500ms\u00a0\u00bb animation=\u00a0\u00bbfade_in\u00a0\u00bb global_colors_info=\u00a0\u00bb{}\u00a0\u00bb align_phone=\u00a0\u00bbcenter\u00a0\u00bb]&nbsp;<br \/>\n[\/et_pb_image][\/et_pb_column][\/et_pb_row][\/et_pb_section][et_pb_section fb_built=\u00a0\u00bb1&Prime; admin_label=\u00a0\u00bbSecci\u00f3n de logos\u00a0\u00bb _builder_version=\u00a0\u00bb4.17.4&Prime; background_color=\u00a0\u00bb#FFFFFF\u00a0\u00bb custom_padding=\u00a0\u00bb0px||0px|\u00a0\u00bb transparent_background=\u00a0\u00bbon\u00a0\u00bb global_module=\u00a0\u00bb1812&Prime; global_colors_info=\u00a0\u00bb{}\u00a0\u00bb][et_pb_row _builder_version=\u00a0\u00bb4.17.4&Prime; _module_preset=\u00a0\u00bbdefault\u00a0\u00bb global_colors_info=\u00a0\u00bb{}\u00a0\u00bb][et_pb_column type=\u00a0\u00bb4_4&Prime; _builder_version=\u00a0\u00bb4.17.4&Prime; _module_preset=\u00a0\u00bbdefault\u00a0\u00bb global_colors_info=\u00a0\u00bb{}\u00a0\u00bb][et_pb_image src=\u00a0\u00bbhttps:\/\/www.donibane-hondarribia.com\/wp-content\/uploads\/2024\/07\/2024-babesleak-final.jpg\u00a0\u00bb title_text=\u00a0\u00bb2024-babesleak-final\u00a0\u00bb _builder_version=\u00a0\u00bb4.19.4&Prime; _module_preset=\u00a0\u00bbdefault\u00a0\u00bb global_colors_info=\u00a0\u00bb{}\u00a0\u00bb][\/et_pb_image][\/et_pb_column][\/et_pb_row][\/et_pb_section]<\/p>\n","protected":false},"excerpt":{"rendered":"<p>Saint Jean de Luz Saint Jean de luz fait partie de ces cit\u00e9s maritime du Pays basque Nord qui ont su gard\u00e9 leur attachement \u00e0 la mer, \u00e0 leur culture et \u00e0 leur Histoire tout en se modernisant et devenant des villes attrayantes et anim\u00e9es. Elle est situ\u00e9e au Nord d&rsquo;Hendaye et \u00e0 quinze kilom\u00e8tres [&hellip;]<\/p>\n","protected":false},"author":1,"featured_media":0,"parent":981,"menu_order":20,"comment_status":"closed","ping_status":"closed","template":"","meta":{"_et_pb_use_builder":"on","_et_pb_old_content":"","_et_gb_content_width":"","inline_featured_image":false,"footnotes":""},"class_list":["post-985","page","type-page","status-publish","hentry"],"yoast_head":"<!-- This site is optimized with the Yoast SEO plugin v27.2 - https:\/\/yoast.com\/product\/yoast-seo-wordpress\/ -->\n<title>Saint Jean de Luz - Donibane Lohizune Hondarribia<\/title>\n<meta name=\"robots\" content=\"index, follow, max-snippet:-1, max-image-preview:large, max-video-preview:-1\" \/>\n<link rel=\"canonical\" href=\"https:\/\/www.donibane-hondarribia.com\/fr\/un-decor-inegalable-hondarribia-saint-jean-de-luz\/saint-jean-de-luz\/\" \/>\n<meta property=\"og:locale\" content=\"fr_FR\" \/>\n<meta property=\"og:type\" content=\"article\" \/>\n<meta property=\"og:title\" content=\"Saint Jean de Luz - Donibane Lohizune Hondarribia\" \/>\n<meta property=\"og:description\" content=\"Saint Jean de Luz Saint Jean de luz fait partie de ces cit\u00e9s maritime du Pays basque Nord qui ont su gard\u00e9 leur attachement \u00e0 la mer, \u00e0 leur culture et \u00e0 leur Histoire tout en se modernisant et devenant des villes attrayantes et anim\u00e9es. Elle est situ\u00e9e au Nord d&#039;Hendaye et \u00e0 quinze kilom\u00e8tres [&hellip;]\" \/>\n<meta property=\"og:url\" content=\"https:\/\/www.donibane-hondarribia.com\/fr\/un-decor-inegalable-hondarribia-saint-jean-de-luz\/saint-jean-de-luz\/\" \/>\n<meta property=\"og:site_name\" content=\"Donibane Lohizune Hondarribia\" \/>\n<meta property=\"article:publisher\" content=\"https:\/\/es-es.facebook.com\/DonibaneHondarribia\/\" \/>\n<meta property=\"article:modified_time\" content=\"2025-02-20T19:18:59+00:00\" \/>\n<meta name=\"twitter:card\" content=\"summary_large_image\" \/>\n<meta name=\"twitter:site\" content=\"@dhondarribia\" \/>\n<meta name=\"twitter:label1\" content=\"Dur\u00e9e de lecture estim\u00e9e\" \/>\n\t<meta name=\"twitter:data1\" content=\"3 minutes\" \/>\n<script type=\"application\/ld+json\" class=\"yoast-schema-graph\">{\"@context\":\"https:\/\/schema.org\",\"@graph\":[{\"@type\":\"WebPage\",\"@id\":\"https:\/\/www.donibane-hondarribia.com\/fr\/un-decor-inegalable-hondarribia-saint-jean-de-luz\/saint-jean-de-luz\/\",\"url\":\"https:\/\/www.donibane-hondarribia.com\/fr\/un-decor-inegalable-hondarribia-saint-jean-de-luz\/saint-jean-de-luz\/\",\"name\":\"Saint Jean de Luz - Donibane Lohizune Hondarribia\",\"isPartOf\":{\"@id\":\"https:\/\/www.donibane-hondarribia.com\/#website\"},\"datePublished\":\"2017-04-28T14:16:15+00:00\",\"dateModified\":\"2025-02-20T19:18:59+00:00\",\"breadcrumb\":{\"@id\":\"https:\/\/www.donibane-hondarribia.com\/fr\/un-decor-inegalable-hondarribia-saint-jean-de-luz\/saint-jean-de-luz\/#breadcrumb\"},\"inLanguage\":\"fr-FR\",\"potentialAction\":[{\"@type\":\"ReadAction\",\"target\":[\"https:\/\/www.donibane-hondarribia.com\/fr\/un-decor-inegalable-hondarribia-saint-jean-de-luz\/saint-jean-de-luz\/\"]}]},{\"@type\":\"BreadcrumbList\",\"@id\":\"https:\/\/www.donibane-hondarribia.com\/fr\/un-decor-inegalable-hondarribia-saint-jean-de-luz\/saint-jean-de-luz\/#breadcrumb\",\"itemListElement\":[{\"@type\":\"ListItem\",\"position\":1,\"name\":\"Portada\",\"item\":\"https:\/\/www.donibane-hondarribia.com\/fr\/\"},{\"@type\":\"ListItem\",\"position\":2,\"name\":\"Un decor inegalable: Hondarribia, Saint Jean de Luz\",\"item\":\"https:\/\/www.donibane-hondarribia.com\/fr\/un-decor-inegalable-hondarribia-saint-jean-de-luz\/\"},{\"@type\":\"ListItem\",\"position\":3,\"name\":\"Saint Jean de Luz\"}]},{\"@type\":\"WebSite\",\"@id\":\"https:\/\/www.donibane-hondarribia.com\/#website\",\"url\":\"https:\/\/www.donibane-hondarribia.com\/\",\"name\":\"Donibane Lohizune Hondarribia\",\"description\":\"2024\/10\/27 10:00 - Media marat\u00f3n San Juan de Luz Hondarribia - Semi-Marathon Saint Jean de Luz hondarribia - Erdi maratoia Donibane Lohizune Hondarribia\",\"potentialAction\":[{\"@type\":\"SearchAction\",\"target\":{\"@type\":\"EntryPoint\",\"urlTemplate\":\"https:\/\/www.donibane-hondarribia.com\/?s={search_term_string}\"},\"query-input\":{\"@type\":\"PropertyValueSpecification\",\"valueRequired\":true,\"valueName\":\"search_term_string\"}}],\"inLanguage\":\"fr-FR\"}]}<\/script>\n<!-- \/ Yoast SEO plugin. -->","yoast_head_json":{"title":"Saint Jean de Luz - Donibane Lohizune Hondarribia","robots":{"index":"index","follow":"follow","max-snippet":"max-snippet:-1","max-image-preview":"max-image-preview:large","max-video-preview":"max-video-preview:-1"},"canonical":"https:\/\/www.donibane-hondarribia.com\/fr\/un-decor-inegalable-hondarribia-saint-jean-de-luz\/saint-jean-de-luz\/","og_locale":"fr_FR","og_type":"article","og_title":"Saint Jean de Luz - Donibane Lohizune Hondarribia","og_description":"Saint Jean de Luz Saint Jean de luz fait partie de ces cit\u00e9s maritime du Pays basque Nord qui ont su gard\u00e9 leur attachement \u00e0 la mer, \u00e0 leur culture et \u00e0 leur Histoire tout en se modernisant et devenant des villes attrayantes et anim\u00e9es. Elle est situ\u00e9e au Nord d'Hendaye et \u00e0 quinze kilom\u00e8tres [&hellip;]","og_url":"https:\/\/www.donibane-hondarribia.com\/fr\/un-decor-inegalable-hondarribia-saint-jean-de-luz\/saint-jean-de-luz\/","og_site_name":"Donibane Lohizune Hondarribia","article_publisher":"https:\/\/es-es.facebook.com\/DonibaneHondarribia\/","article_modified_time":"2025-02-20T19:18:59+00:00","twitter_card":"summary_large_image","twitter_site":"@dhondarribia","twitter_misc":{"Dur\u00e9e de lecture estim\u00e9e":"3 minutes"},"schema":{"@context":"https:\/\/schema.org","@graph":[{"@type":"WebPage","@id":"https:\/\/www.donibane-hondarribia.com\/fr\/un-decor-inegalable-hondarribia-saint-jean-de-luz\/saint-jean-de-luz\/","url":"https:\/\/www.donibane-hondarribia.com\/fr\/un-decor-inegalable-hondarribia-saint-jean-de-luz\/saint-jean-de-luz\/","name":"Saint Jean de Luz - Donibane Lohizune Hondarribia","isPartOf":{"@id":"https:\/\/www.donibane-hondarribia.com\/#website"},"datePublished":"2017-04-28T14:16:15+00:00","dateModified":"2025-02-20T19:18:59+00:00","breadcrumb":{"@id":"https:\/\/www.donibane-hondarribia.com\/fr\/un-decor-inegalable-hondarribia-saint-jean-de-luz\/saint-jean-de-luz\/#breadcrumb"},"inLanguage":"fr-FR","potentialAction":[{"@type":"ReadAction","target":["https:\/\/www.donibane-hondarribia.com\/fr\/un-decor-inegalable-hondarribia-saint-jean-de-luz\/saint-jean-de-luz\/"]}]},{"@type":"BreadcrumbList","@id":"https:\/\/www.donibane-hondarribia.com\/fr\/un-decor-inegalable-hondarribia-saint-jean-de-luz\/saint-jean-de-luz\/#breadcrumb","itemListElement":[{"@type":"ListItem","position":1,"name":"Portada","item":"https:\/\/www.donibane-hondarribia.com\/fr\/"},{"@type":"ListItem","position":2,"name":"Un decor inegalable: Hondarribia, Saint Jean de Luz","item":"https:\/\/www.donibane-hondarribia.com\/fr\/un-decor-inegalable-hondarribia-saint-jean-de-luz\/"},{"@type":"ListItem","position":3,"name":"Saint Jean de Luz"}]},{"@type":"WebSite","@id":"https:\/\/www.donibane-hondarribia.com\/#website","url":"https:\/\/www.donibane-hondarribia.com\/","name":"Donibane Lohizune Hondarribia","description":"2024\/10\/27 10:00 - Media marat\u00f3n San Juan de Luz Hondarribia - Semi-Marathon Saint Jean de Luz hondarribia - Erdi maratoia Donibane Lohizune Hondarribia","potentialAction":[{"@type":"SearchAction","target":{"@type":"EntryPoint","urlTemplate":"https:\/\/www.donibane-hondarribia.com\/?s={search_term_string}"},"query-input":{"@type":"PropertyValueSpecification","valueRequired":true,"valueName":"search_term_string"}}],"inLanguage":"fr-FR"}]}},"_links":{"self":[{"href":"https:\/\/www.donibane-hondarribia.com\/fr\/wp-json\/wp\/v2\/pages\/985","targetHints":{"allow":["GET"]}}],"collection":[{"href":"https:\/\/www.donibane-hondarribia.com\/fr\/wp-json\/wp\/v2\/pages"}],"about":[{"href":"https:\/\/www.donibane-hondarribia.com\/fr\/wp-json\/wp\/v2\/types\/page"}],"author":[{"embeddable":true,"href":"https:\/\/www.donibane-hondarribia.com\/fr\/wp-json\/wp\/v2\/users\/1"}],"replies":[{"embeddable":true,"href":"https:\/\/www.donibane-hondarribia.com\/fr\/wp-json\/wp\/v2\/comments?post=985"}],"version-history":[{"count":1,"href":"https:\/\/www.donibane-hondarribia.com\/fr\/wp-json\/wp\/v2\/pages\/985\/revisions"}],"predecessor-version":[{"id":4996,"href":"https:\/\/www.donibane-hondarribia.com\/fr\/wp-json\/wp\/v2\/pages\/985\/revisions\/4996"}],"up":[{"embeddable":true,"href":"https:\/\/www.donibane-hondarribia.com\/fr\/wp-json\/wp\/v2\/pages\/981"}],"wp:attachment":[{"href":"https:\/\/www.donibane-hondarribia.com\/fr\/wp-json\/wp\/v2\/media?parent=985"}],"curies":[{"name":"wp","href":"https:\/\/api.w.org\/{rel}","templated":true}]}}